{"id":8598,"date":"2024-08-05T13:57:01","date_gmt":"2024-08-05T10:57:01","guid":{"rendered":"https:\/\/decnord.com\/shop\/unkategorisiert\/bermuda-thermo-schwarz\/"},"modified":"2025-06-03T16:21:52","modified_gmt":"2025-06-03T13:21:52","slug":"bermuda-thermo-schwarz","status":"publish","type":"product","link":"https:\/\/decnord.com\/de\/shop\/bermuda-de\/bermuda-thermo-schwarz\/","title":{"rendered":"Bermuda Thermo Black"},"content":{"rendered":"\t\t<div data-elementor-type=\"wp-post\" data-elementor-id=\"8598\" class=\"elementor elementor-8598 elementor-1494\">\n\t\t\t\t<div class=\"elementor-element elementor-element-2ba8b0c e-flex e-con-boxed wpr-particle-no wpr-jarallax-no wpr-parallax-no wpr-sticky-section-no e-con e-parent\" data-id=\"2ba8b0c\" data-element_type=\"container\">\n\t\t\t\t\t<div class=\"e-con-inner\">\n\t\t<div class=\"elementor-element elementor-element-2e3398d e-con-full e-flex wpr-particle-no wpr-jarallax-no wpr-parallax-no wpr-sticky-section-no e-con e-child\" data-id=\"2e3398d\" data-element_type=\"container\">\n\t\t\t\t<div class=\"elementor-element elementor-element-3d55167 elementor-widget elementor-widget-text-editor\" data-id=\"3d55167\" data-element_type=\"widget\" data-widget_type=\"text-editor.default\">\n\t\t\t\t<div class=\"elementor-widget-container\">\n\t\t\t\t\t\t\t\t\t<p>Plattengr\u00f6\u00dfe: 639 x 222 mm<br \/>Plattenst\u00e4rke: 15 \u2013 16 mm<br \/>Plattenabdeckung: 0,142 m2<br \/>Verpackungsabdeckung: 0,87m2 (6 * 0,142m2)<br \/>Material: Abachi puit<\/p>\n\t\t\t\t\t\t\t\t<\/div>\n\t\t\t\t<\/div>\n\t\t\t\t<\/div>\n\t\t\t\t\t<\/div>\n\t\t\t\t<\/div>\n\t\t\t\t<\/div>\n\t\t","protected":false},"excerpt":{"rendered":"<p>Plattengr\u00f6\u00dfe: 639 x 222 mmPlattenst\u00e4rke: 15 \u2013 16 mmPlattenabdeckung: 0,142 m2Verpackungsabdeckung: 0,87m2 (6 * 0,142m2)Material: Abachi puit<\/p>\n","protected":false},"featured_media":6253,"template":"","meta":{"inline_featured_image":false,"site-sidebar-layout":"default","site-content-layout":"page-builder","ast-site-content-layout":"default","site-content-style":"default","site-sidebar-style":"default","ast-global-header-display":"","ast-banner-title-visibility":"","ast-main-header-display":"","ast-hfb-above-header-display":"","ast-hfb-below-header-display":"","ast-hfb-mobile-header-display":"","site-post-title":"","ast-breadcrumbs-content":"","ast-featured-img":"","footer-sml-layout":"","theme-transparent-header-meta":"default","adv-header-id-meta":"","stick-header-meta":"default","header-above-stick-meta":"","header-main-stick-meta":"","header-below-stick-meta":"","astra-migrate-meta-layouts":"set","ast-page-background-enabled":"default","ast-page-background-meta":{"desktop":{"background-color":"var(--ast-global-color-4)","background-image":"","background-repeat":"repeat","background-position":"center center","background-size":"auto","background-attachment":"scroll","background-type":"","background-media":"","overlay-type":"","overlay-color":"","overlay-opacity":"","overlay-gradient":""},"tablet":{"background-color":"","background-image":"","background-repeat":"repeat","background-position":"center center","background-size":"auto","background-attachment":"scroll","background-type":"","background-media":"","overlay-type":"","overlay-color":"","overlay-opacity":"","overlay-gradient":""},"mobile":{"background-color":"","background-image":"","background-repeat":"repeat","background-position":"center center","background-size":"auto","background-attachment":"scroll","background-type":"","background-media":"","overlay-type":"","overlay-color":"","overlay-opacity":"","overlay-gradient":""}},"ast-content-background-meta":{"desktop":{"background-color":"var(--ast-global-color-5)","background-image":"","background-repeat":"repeat","background-position":"center center","background-size":"auto","background-attachment":"scroll","background-type":"","background-media":"","overlay-type":"","overlay-color":"","overlay-opacity":"","overlay-gradient":""},"tablet":{"background-color":"var(--ast-global-color-5)","background-image":"","background-repeat":"repeat","background-position":"center center","background-size":"auto","background-attachment":"scroll","background-type":"","background-media":"","overlay-type":"","overlay-color":"","overlay-opacity":"","overlay-gradient":""},"mobile":{"background-color":"var(--ast-global-color-5)","background-image":"","background-repeat":"repeat","background-position":"center center","background-size":"auto","background-attachment":"scroll","background-type":"","background-media":"","overlay-type":"","overlay-color":"","overlay-opacity":"","overlay-gradient":""}}},"product_brand":[],"product_cat":[65],"product_tag":[],"class_list":{"0":"post-8598","1":"product","2":"type-product","3":"status-publish","4":"has-post-thumbnail","6":"product_cat-bermuda-de","7":"desktop-align-left","8":"tablet-align-left","9":"mobile-align-left","11":"first","12":"instock","13":"taxable","14":"shipping-taxable","15":"purchasable","16":"product-type-simple"},"yoast_head":"<!-- This site is optimized with the Yoast SEO plugin v26.2 - https:\/\/yoast.com\/wordpress\/plugins\/seo\/ -->\n<title>Bermuda Thermo Black - DecNord Luxpanels<\/title>\n<meta name=\"robots\" content=\"index, follow, max-snippet:-1, max-image-preview:large, max-video-preview:-1\" \/>\n<link rel=\"canonical\" href=\"https:\/\/decnord.com\/de\/shop\/bermuda-de\/bermuda-thermo-schwarz\/\" \/>\n<meta property=\"og:locale\" content=\"de_DE\" \/>\n<meta property=\"og:type\" content=\"article\" \/>\n<meta property=\"og:title\" content=\"Bermuda Thermo Black - DecNord Luxpanels\" \/>\n<meta property=\"og:description\" content=\"Plattengr\u00f6\u00dfe: 639 x 222 mmPlattenst\u00e4rke: 15 \u2013 16 mmPlattenabdeckung: 0,142 m2Verpackungsabdeckung: 0,87m2 (6 * 0,142m2)Material: Abachi puit\" \/>\n<meta property=\"og:url\" content=\"https:\/\/decnord.com\/de\/shop\/bermuda-de\/bermuda-thermo-schwarz\/\" \/>\n<meta property=\"og:site_name\" content=\"DecNord Luxpanels\" \/>\n<meta property=\"article:publisher\" content=\"https:\/\/www.facebook.com\/DecNord\/\" \/>\n<meta property=\"article:modified_time\" content=\"2025-06-03T13:21:52+00:00\" \/>\n<meta property=\"og:image\" content=\"https:\/\/decnord.com\/wp-content\/uploads\/2024\/08\/IMG_4610_1-1-scaled-f6c127a2.webp\" \/>\n\t<meta property=\"og:image:width\" content=\"570\" \/>\n\t<meta property=\"og:image:height\" content=\"720\" \/>\n\t<meta property=\"og:image:type\" content=\"image\/webp\" \/>\n<meta name=\"twitter:card\" content=\"summary_large_image\" \/>\n<meta name=\"twitter:label1\" content=\"Gesch\u00e4tzte Lesezeit\" \/>\n\t<meta name=\"twitter:data1\" content=\"1\u00a0Minute\" \/>\n<script type=\"application\/ld+json\" class=\"yoast-schema-graph\">{\"@context\":\"https:\/\/schema.org\",\"@graph\":[{\"@type\":\"WebPage\",\"@id\":\"https:\/\/decnord.com\/de\/shop\/bermuda-de\/bermuda-thermo-schwarz\/\",\"url\":\"https:\/\/decnord.com\/de\/shop\/bermuda-de\/bermuda-thermo-schwarz\/\",\"name\":\"Bermuda Thermo Black - DecNord Luxpanels\",\"isPartOf\":{\"@id\":\"https:\/\/decnord.com\/de\/#website\"},\"primaryImageOfPage\":{\"@id\":\"https:\/\/decnord.com\/de\/shop\/bermuda-de\/bermuda-thermo-schwarz\/#primaryimage\"},\"image\":{\"@id\":\"https:\/\/decnord.com\/de\/shop\/bermuda-de\/bermuda-thermo-schwarz\/#primaryimage\"},\"thumbnailUrl\":\"https:\/\/decnord.com\/wp-content\/uploads\/2024\/08\/IMG_4610_1-1-scaled-f6c127a2.webp\",\"datePublished\":\"2024-08-05T10:57:01+00:00\",\"dateModified\":\"2025-06-03T13:21:52+00:00\",\"breadcrumb\":{\"@id\":\"https:\/\/decnord.com\/de\/shop\/bermuda-de\/bermuda-thermo-schwarz\/#breadcrumb\"},\"inLanguage\":\"de\",\"potentialAction\":[{\"@type\":\"ReadAction\",\"target\":[\"https:\/\/decnord.com\/de\/shop\/bermuda-de\/bermuda-thermo-schwarz\/\"]}]},{\"@type\":\"ImageObject\",\"inLanguage\":\"de\",\"@id\":\"https:\/\/decnord.com\/de\/shop\/bermuda-de\/bermuda-thermo-schwarz\/#primaryimage\",\"url\":\"https:\/\/decnord.com\/wp-content\/uploads\/2024\/08\/IMG_4610_1-1-scaled-f6c127a2.webp\",\"contentUrl\":\"https:\/\/decnord.com\/wp-content\/uploads\/2024\/08\/IMG_4610_1-1-scaled-f6c127a2.webp\",\"width\":570,\"height\":720,\"caption\":\"DecNord Luxpanels\"},{\"@type\":\"BreadcrumbList\",\"@id\":\"https:\/\/decnord.com\/de\/shop\/bermuda-de\/bermuda-thermo-schwarz\/#breadcrumb\",\"itemListElement\":[{\"@type\":\"ListItem\",\"position\":1,\"name\":\"Esileht\",\"item\":\"https:\/\/decnord.com\/de\/\"},{\"@type\":\"ListItem\",\"position\":2,\"name\":\"Shop\",\"item\":\"https:\/\/decnord.com\/de\/shop\/\"},{\"@type\":\"ListItem\",\"position\":3,\"name\":\"Bermuda Thermo Black\"}]},{\"@type\":\"WebSite\",\"@id\":\"https:\/\/decnord.com\/de\/#website\",\"url\":\"https:\/\/decnord.com\/de\/\",\"name\":\"DecNord Luxpanels\",\"description\":\"Eesti k\u00e4sit\u00f6\u00f6 puidust dekoratiivpaneelid\",\"publisher\":{\"@id\":\"https:\/\/decnord.com\/de\/#organization\"},\"potentialAction\":[{\"@type\":\"SearchAction\",\"target\":{\"@type\":\"EntryPoint\",\"urlTemplate\":\"https:\/\/decnord.com\/de\/?s={search_term_string}\"},\"query-input\":{\"@type\":\"PropertyValueSpecification\",\"valueRequired\":true,\"valueName\":\"search_term_string\"}}],\"inLanguage\":\"de\"},{\"@type\":\"Organization\",\"@id\":\"https:\/\/decnord.com\/de\/#organization\",\"name\":\"DecNord Luxpanels\",\"url\":\"https:\/\/decnord.com\/de\/\",\"logo\":{\"@type\":\"ImageObject\",\"inLanguage\":\"de\",\"@id\":\"https:\/\/decnord.com\/de\/#\/schema\/logo\/image\/\",\"url\":\"https:\/\/decnord.com\/wp-content\/uploads\/2024\/10\/Decnord-uus_logo_trasnparent.png\",\"contentUrl\":\"https:\/\/decnord.com\/wp-content\/uploads\/2024\/10\/Decnord-uus_logo_trasnparent.png\",\"width\":1563,\"height\":1563,\"caption\":\"DecNord Luxpanels\"},\"image\":{\"@id\":\"https:\/\/decnord.com\/de\/#\/schema\/logo\/image\/\"},\"sameAs\":[\"https:\/\/www.facebook.com\/DecNord\/\"]}]}<\/script>\n<!-- \/ Yoast SEO plugin. -->","yoast_head_json":{"title":"Bermuda Thermo Black - DecNord Luxpanels","robots":{"index":"index","follow":"follow","max-snippet":"max-snippet:-1","max-image-preview":"max-image-preview:large","max-video-preview":"max-video-preview:-1"},"canonical":"https:\/\/decnord.com\/de\/shop\/bermuda-de\/bermuda-thermo-schwarz\/","og_locale":"de_DE","og_type":"article","og_title":"Bermuda Thermo Black - DecNord Luxpanels","og_description":"Plattengr\u00f6\u00dfe: 639 x 222 mmPlattenst\u00e4rke: 15 \u2013 16 mmPlattenabdeckung: 0,142 m2Verpackungsabdeckung: 0,87m2 (6 * 0,142m2)Material: Abachi puit","og_url":"https:\/\/decnord.com\/de\/shop\/bermuda-de\/bermuda-thermo-schwarz\/","og_site_name":"DecNord Luxpanels","article_publisher":"https:\/\/www.facebook.com\/DecNord\/","article_modified_time":"2025-06-03T13:21:52+00:00","og_image":[{"width":570,"height":720,"url":"https:\/\/decnord.com\/wp-content\/uploads\/2024\/08\/IMG_4610_1-1-scaled-f6c127a2.webp","type":"image\/webp"}],"twitter_card":"summary_large_image","twitter_misc":{"Gesch\u00e4tzte Lesezeit":"1\u00a0Minute"},"schema":{"@context":"https:\/\/schema.org","@graph":[{"@type":"WebPage","@id":"https:\/\/decnord.com\/de\/shop\/bermuda-de\/bermuda-thermo-schwarz\/","url":"https:\/\/decnord.com\/de\/shop\/bermuda-de\/bermuda-thermo-schwarz\/","name":"Bermuda Thermo Black - DecNord Luxpanels","isPartOf":{"@id":"https:\/\/decnord.com\/de\/#website"},"primaryImageOfPage":{"@id":"https:\/\/decnord.com\/de\/shop\/bermuda-de\/bermuda-thermo-schwarz\/#primaryimage"},"image":{"@id":"https:\/\/decnord.com\/de\/shop\/bermuda-de\/bermuda-thermo-schwarz\/#primaryimage"},"thumbnailUrl":"https:\/\/decnord.com\/wp-content\/uploads\/2024\/08\/IMG_4610_1-1-scaled-f6c127a2.webp","datePublished":"2024-08-05T10:57:01+00:00","dateModified":"2025-06-03T13:21:52+00:00","breadcrumb":{"@id":"https:\/\/decnord.com\/de\/shop\/bermuda-de\/bermuda-thermo-schwarz\/#breadcrumb"},"inLanguage":"de","potentialAction":[{"@type":"ReadAction","target":["https:\/\/decnord.com\/de\/shop\/bermuda-de\/bermuda-thermo-schwarz\/"]}]},{"@type":"ImageObject","inLanguage":"de","@id":"https:\/\/decnord.com\/de\/shop\/bermuda-de\/bermuda-thermo-schwarz\/#primaryimage","url":"https:\/\/decnord.com\/wp-content\/uploads\/2024\/08\/IMG_4610_1-1-scaled-f6c127a2.webp","contentUrl":"https:\/\/decnord.com\/wp-content\/uploads\/2024\/08\/IMG_4610_1-1-scaled-f6c127a2.webp","width":570,"height":720,"caption":"DecNord Luxpanels"},{"@type":"BreadcrumbList","@id":"https:\/\/decnord.com\/de\/shop\/bermuda-de\/bermuda-thermo-schwarz\/#breadcrumb","itemListElement":[{"@type":"ListItem","position":1,"name":"Esileht","item":"https:\/\/decnord.com\/de\/"},{"@type":"ListItem","position":2,"name":"Shop","item":"https:\/\/decnord.com\/de\/shop\/"},{"@type":"ListItem","position":3,"name":"Bermuda Thermo Black"}]},{"@type":"WebSite","@id":"https:\/\/decnord.com\/de\/#website","url":"https:\/\/decnord.com\/de\/","name":"DecNord Luxpanels","description":"Eesti k\u00e4sit\u00f6\u00f6 puidust dekoratiivpaneelid","publisher":{"@id":"https:\/\/decnord.com\/de\/#organization"},"potentialAction":[{"@type":"SearchAction","target":{"@type":"EntryPoint","urlTemplate":"https:\/\/decnord.com\/de\/?s={search_term_string}"},"query-input":{"@type":"PropertyValueSpecification","valueRequired":true,"valueName":"search_term_string"}}],"inLanguage":"de"},{"@type":"Organization","@id":"https:\/\/decnord.com\/de\/#organization","name":"DecNord Luxpanels","url":"https:\/\/decnord.com\/de\/","logo":{"@type":"ImageObject","inLanguage":"de","@id":"https:\/\/decnord.com\/de\/#\/schema\/logo\/image\/","url":"https:\/\/decnord.com\/wp-content\/uploads\/2024\/10\/Decnord-uus_logo_trasnparent.png","contentUrl":"https:\/\/decnord.com\/wp-content\/uploads\/2024\/10\/Decnord-uus_logo_trasnparent.png","width":1563,"height":1563,"caption":"DecNord Luxpanels"},"image":{"@id":"https:\/\/decnord.com\/de\/#\/schema\/logo\/image\/"},"sameAs":["https:\/\/www.facebook.com\/DecNord\/"]}]}},"_links":{"self":[{"href":"https:\/\/decnord.com\/de\/wp-json\/wp\/v2\/product\/8598","targetHints":{"allow":["GET"]}}],"collection":[{"href":"https:\/\/decnord.com\/de\/wp-json\/wp\/v2\/product"}],"about":[{"href":"https:\/\/decnord.com\/de\/wp-json\/wp\/v2\/types\/product"}],"version-history":[{"count":5,"href":"https:\/\/decnord.com\/de\/wp-json\/wp\/v2\/product\/8598\/revisions"}],"predecessor-version":[{"id":10067,"href":"https:\/\/decnord.com\/de\/wp-json\/wp\/v2\/product\/8598\/revisions\/10067"}],"wp:featuredmedia":[{"embeddable":true,"href":"https:\/\/decnord.com\/de\/wp-json\/wp\/v2\/media\/6253"}],"wp:attachment":[{"href":"https:\/\/decnord.com\/de\/wp-json\/wp\/v2\/media?parent=8598"}],"wp:term":[{"taxonomy":"product_brand","embeddable":true,"href":"https:\/\/decnord.com\/de\/wp-json\/wp\/v2\/product_brand?post=8598"},{"taxonomy":"product_cat","embeddable":true,"href":"https:\/\/decnord.com\/de\/wp-json\/wp\/v2\/product_cat?post=8598"},{"taxonomy":"product_tag","embeddable":true,"href":"https:\/\/decnord.com\/de\/wp-json\/wp\/v2\/product_tag?post=8598"}],"curies":[{"name":"wp","href":"https:\/\/api.w.org\/{rel}","templated":true}]}}