{"id":8580,"date":"2024-08-05T14:13:37","date_gmt":"2024-08-05T11:13:37","guid":{"rendered":"https:\/\/decnord.com\/shop\/unkategorisiert\/thermo-holzverkleidung\/"},"modified":"2024-10-16T09:08:03","modified_gmt":"2024-10-16T06:08:03","slug":"thermo-holzverkleidung","status":"publish","type":"product","link":"https:\/\/decnord.com\/de\/shop\/verkleidungsbretter-de\/thermo-holzverkleidung\/","title":{"rendered":"Thermo Holzverkleidung"},"content":{"rendered":"\t\t<div data-elementor-type=\"wp-post\" data-elementor-id=\"8580\" class=\"elementor elementor-8580 elementor-1535\">\n\t\t\t\t<div class=\"elementor-element elementor-element-c417195 e-flex e-con-boxed wpr-particle-no wpr-jarallax-no wpr-parallax-no wpr-sticky-section-no e-con e-parent\" data-id=\"c417195\" data-element_type=\"container\">\n\t\t\t\t\t<div class=\"e-con-inner\">\n\t\t<div class=\"elementor-element elementor-element-7982d7e e-con-full e-flex wpr-particle-no wpr-jarallax-no wpr-parallax-no wpr-sticky-section-no e-con e-child\" data-id=\"7982d7e\" data-element_type=\"container\">\n\t\t\t\t<div class=\"elementor-element elementor-element-9f9e204 elementor-widget elementor-widget-text-editor\" data-id=\"9f9e204\" data-element_type=\"widget\" data-widget_type=\"text-editor.default\">\n\t\t\t\t<div class=\"elementor-widget-container\">\n\t\t\t\t\t\t\t\t\t<p>Thermoholzverkleidung<\/p>\n<p>Profil: UTS5<br \/>Ma\u00dfe: 15*140*2100 \/ 2400 \/ 2700<br \/>Material: Abachi-Holz, thermobehandelt<\/p>\n\t\t\t\t\t\t\t\t<\/div>\n\t\t\t\t<\/div>\n\t\t\t\t<\/div>\n\t\t\t\t\t<\/div>\n\t\t\t\t<\/div>\n\t\t\t\t<\/div>\n\t\t","protected":false},"excerpt":{"rendered":"<p>Thermoholzverkleidung Profil: UTS5 Ma\u00dfe: 15*140*2100 \/ 2400 \/ 2700 Material: Abachi-Holz, thermobehandelt<\/p>\n","protected":false},"featured_media":6707,"template":"","meta":{"inline_featured_image":false,"site-sidebar-layout":"default","site-content-layout":"page-builder","ast-site-content-layout":"default","site-content-style":"default","site-sidebar-style":"default","ast-global-header-display":"","ast-banner-title-visibility":"","ast-main-header-display":"","ast-hfb-above-header-display":"","ast-hfb-below-header-display":"","ast-hfb-mobile-header-display":"","site-post-title":"","ast-breadcrumbs-content":"","ast-featured-img":"","footer-sml-layout":"","theme-transparent-header-meta":"default","adv-header-id-meta":"","stick-header-meta":"default","header-above-stick-meta":"","header-main-stick-meta":"","header-below-stick-meta":"","astra-migrate-meta-layouts":"set","ast-page-background-enabled":"default","ast-page-background-meta":{"desktop":{"background-color":"var(--ast-global-color-4)","background-image":"","background-repeat":"repeat","background-position":"center center","background-size":"auto","background-attachment":"scroll","background-type":"","background-media":"","overlay-type":"","overlay-color":"","overlay-opacity":"","overlay-gradient":""},"tablet":{"background-color":"","background-image":"","background-repeat":"repeat","background-position":"center center","background-size":"auto","background-attachment":"scroll","background-type":"","background-media":"","overlay-type":"","overlay-color":"","overlay-opacity":"","overlay-gradient":""},"mobile":{"background-color":"","background-image":"","background-repeat":"repeat","background-position":"center center","background-size":"auto","background-attachment":"scroll","background-type":"","background-media":"","overlay-type":"","overlay-color":"","overlay-opacity":"","overlay-gradient":""}},"ast-content-background-meta":{"desktop":{"background-color":"var(--ast-global-color-5)","background-image":"","background-repeat":"repeat","background-position":"center center","background-size":"auto","background-attachment":"scroll","background-type":"","background-media":"","overlay-type":"","overlay-color":"","overlay-opacity":"","overlay-gradient":""},"tablet":{"background-color":"var(--ast-global-color-5)","background-image":"","background-repeat":"repeat","background-position":"center center","background-size":"auto","background-attachment":"scroll","background-type":"","background-media":"","overlay-type":"","overlay-color":"","overlay-opacity":"","overlay-gradient":""},"mobile":{"background-color":"var(--ast-global-color-5)","background-image":"","background-repeat":"repeat","background-position":"center center","background-size":"auto","background-attachment":"scroll","background-type":"","background-media":"","overlay-type":"","overlay-color":"","overlay-opacity":"","overlay-gradient":""}}},"product_brand":[],"product_cat":[69],"product_tag":[],"class_list":{"0":"post-8580","1":"product","2":"type-product","3":"status-publish","4":"has-post-thumbnail","6":"product_cat-verkleidungsbretter-de","7":"desktop-align-left","8":"tablet-align-left","9":"mobile-align-left","11":"first","12":"instock","13":"taxable","14":"shipping-taxable","15":"purchasable","16":"product-type-simple"},"yoast_head":"<!-- This site is optimized with the Yoast SEO plugin v26.2 - https:\/\/yoast.com\/wordpress\/plugins\/seo\/ -->\n<title>Thermo Holzverkleidung - DecNord Luxpanels<\/title>\n<meta name=\"robots\" content=\"index, follow, max-snippet:-1, max-image-preview:large, max-video-preview:-1\" \/>\n<link rel=\"canonical\" href=\"https:\/\/decnord.com\/de\/shop\/verkleidungsbretter-de\/thermo-holzverkleidung\/\" \/>\n<meta property=\"og:locale\" content=\"de_DE\" \/>\n<meta property=\"og:type\" content=\"article\" \/>\n<meta property=\"og:title\" content=\"Thermo Holzverkleidung - DecNord Luxpanels\" \/>\n<meta property=\"og:description\" content=\"Thermoholzverkleidung Profil: UTS5 Ma\u00dfe: 15*140*2100 \/ 2400 \/ 2700 Material: Abachi-Holz, thermobehandelt\" \/>\n<meta property=\"og:url\" content=\"https:\/\/decnord.com\/de\/shop\/verkleidungsbretter-de\/thermo-holzverkleidung\/\" \/>\n<meta property=\"og:site_name\" content=\"DecNord Luxpanels\" \/>\n<meta property=\"article:publisher\" content=\"https:\/\/www.facebook.com\/DecNord\/\" \/>\n<meta property=\"article:modified_time\" content=\"2024-10-16T06:08:03+00:00\" \/>\n<meta property=\"og:image\" content=\"https:\/\/decnord.com\/wp-content\/uploads\/2024\/08\/Abachi-Thermo-Cladding.jpg\" \/>\n\t<meta property=\"og:image:width\" content=\"2048\" \/>\n\t<meta property=\"og:image:height\" content=\"1365\" \/>\n\t<meta property=\"og:image:type\" content=\"image\/jpeg\" \/>\n<meta name=\"twitter:card\" content=\"summary_large_image\" \/>\n<meta name=\"twitter:label1\" content=\"Gesch\u00e4tzte Lesezeit\" \/>\n\t<meta name=\"twitter:data1\" content=\"1\u00a0Minute\" \/>\n<script type=\"application\/ld+json\" class=\"yoast-schema-graph\">{\"@context\":\"https:\/\/schema.org\",\"@graph\":[{\"@type\":\"WebPage\",\"@id\":\"https:\/\/decnord.com\/de\/shop\/verkleidungsbretter-de\/thermo-holzverkleidung\/\",\"url\":\"https:\/\/decnord.com\/de\/shop\/verkleidungsbretter-de\/thermo-holzverkleidung\/\",\"name\":\"Thermo Holzverkleidung - DecNord Luxpanels\",\"isPartOf\":{\"@id\":\"https:\/\/decnord.com\/de\/#website\"},\"primaryImageOfPage\":{\"@id\":\"https:\/\/decnord.com\/de\/shop\/verkleidungsbretter-de\/thermo-holzverkleidung\/#primaryimage\"},\"image\":{\"@id\":\"https:\/\/decnord.com\/de\/shop\/verkleidungsbretter-de\/thermo-holzverkleidung\/#primaryimage\"},\"thumbnailUrl\":\"https:\/\/decnord.com\/wp-content\/uploads\/2024\/08\/Abachi-Thermo-Cladding.jpg\",\"datePublished\":\"2024-08-05T11:13:37+00:00\",\"dateModified\":\"2024-10-16T06:08:03+00:00\",\"breadcrumb\":{\"@id\":\"https:\/\/decnord.com\/de\/shop\/verkleidungsbretter-de\/thermo-holzverkleidung\/#breadcrumb\"},\"inLanguage\":\"de\",\"potentialAction\":[{\"@type\":\"ReadAction\",\"target\":[\"https:\/\/decnord.com\/de\/shop\/verkleidungsbretter-de\/thermo-holzverkleidung\/\"]}]},{\"@type\":\"ImageObject\",\"inLanguage\":\"de\",\"@id\":\"https:\/\/decnord.com\/de\/shop\/verkleidungsbretter-de\/thermo-holzverkleidung\/#primaryimage\",\"url\":\"https:\/\/decnord.com\/wp-content\/uploads\/2024\/08\/Abachi-Thermo-Cladding.jpg\",\"contentUrl\":\"https:\/\/decnord.com\/wp-content\/uploads\/2024\/08\/Abachi-Thermo-Cladding.jpg\",\"width\":2048,\"height\":1365,\"caption\":\"DecNord Luxpanels\"},{\"@type\":\"BreadcrumbList\",\"@id\":\"https:\/\/decnord.com\/de\/shop\/verkleidungsbretter-de\/thermo-holzverkleidung\/#breadcrumb\",\"itemListElement\":[{\"@type\":\"ListItem\",\"position\":1,\"name\":\"Esileht\",\"item\":\"https:\/\/decnord.com\/de\/\"},{\"@type\":\"ListItem\",\"position\":2,\"name\":\"Shop\",\"item\":\"https:\/\/decnord.com\/de\/shop\/\"},{\"@type\":\"ListItem\",\"position\":3,\"name\":\"Thermo Holzverkleidung\"}]},{\"@type\":\"WebSite\",\"@id\":\"https:\/\/decnord.com\/de\/#website\",\"url\":\"https:\/\/decnord.com\/de\/\",\"name\":\"DecNord Luxpanels\",\"description\":\"Eesti k\u00e4sit\u00f6\u00f6 puidust dekoratiivpaneelid\",\"publisher\":{\"@id\":\"https:\/\/decnord.com\/de\/#organization\"},\"potentialAction\":[{\"@type\":\"SearchAction\",\"target\":{\"@type\":\"EntryPoint\",\"urlTemplate\":\"https:\/\/decnord.com\/de\/?s={search_term_string}\"},\"query-input\":{\"@type\":\"PropertyValueSpecification\",\"valueRequired\":true,\"valueName\":\"search_term_string\"}}],\"inLanguage\":\"de\"},{\"@type\":\"Organization\",\"@id\":\"https:\/\/decnord.com\/de\/#organization\",\"name\":\"DecNord Luxpanels\",\"url\":\"https:\/\/decnord.com\/de\/\",\"logo\":{\"@type\":\"ImageObject\",\"inLanguage\":\"de\",\"@id\":\"https:\/\/decnord.com\/de\/#\/schema\/logo\/image\/\",\"url\":\"https:\/\/decnord.com\/wp-content\/uploads\/2024\/10\/Decnord-uus_logo_trasnparent.png\",\"contentUrl\":\"https:\/\/decnord.com\/wp-content\/uploads\/2024\/10\/Decnord-uus_logo_trasnparent.png\",\"width\":1563,\"height\":1563,\"caption\":\"DecNord Luxpanels\"},\"image\":{\"@id\":\"https:\/\/decnord.com\/de\/#\/schema\/logo\/image\/\"},\"sameAs\":[\"https:\/\/www.facebook.com\/DecNord\/\"]}]}<\/script>\n<!-- \/ Yoast SEO plugin. -->","yoast_head_json":{"title":"Thermo Holzverkleidung - DecNord Luxpanels","robots":{"index":"index","follow":"follow","max-snippet":"max-snippet:-1","max-image-preview":"max-image-preview:large","max-video-preview":"max-video-preview:-1"},"canonical":"https:\/\/decnord.com\/de\/shop\/verkleidungsbretter-de\/thermo-holzverkleidung\/","og_locale":"de_DE","og_type":"article","og_title":"Thermo Holzverkleidung - DecNord Luxpanels","og_description":"Thermoholzverkleidung Profil: UTS5 Ma\u00dfe: 15*140*2100 \/ 2400 \/ 2700 Material: Abachi-Holz, thermobehandelt","og_url":"https:\/\/decnord.com\/de\/shop\/verkleidungsbretter-de\/thermo-holzverkleidung\/","og_site_name":"DecNord Luxpanels","article_publisher":"https:\/\/www.facebook.com\/DecNord\/","article_modified_time":"2024-10-16T06:08:03+00:00","og_image":[{"width":2048,"height":1365,"url":"https:\/\/decnord.com\/wp-content\/uploads\/2024\/08\/Abachi-Thermo-Cladding.jpg","type":"image\/jpeg"}],"twitter_card":"summary_large_image","twitter_misc":{"Gesch\u00e4tzte Lesezeit":"1\u00a0Minute"},"schema":{"@context":"https:\/\/schema.org","@graph":[{"@type":"WebPage","@id":"https:\/\/decnord.com\/de\/shop\/verkleidungsbretter-de\/thermo-holzverkleidung\/","url":"https:\/\/decnord.com\/de\/shop\/verkleidungsbretter-de\/thermo-holzverkleidung\/","name":"Thermo Holzverkleidung - DecNord Luxpanels","isPartOf":{"@id":"https:\/\/decnord.com\/de\/#website"},"primaryImageOfPage":{"@id":"https:\/\/decnord.com\/de\/shop\/verkleidungsbretter-de\/thermo-holzverkleidung\/#primaryimage"},"image":{"@id":"https:\/\/decnord.com\/de\/shop\/verkleidungsbretter-de\/thermo-holzverkleidung\/#primaryimage"},"thumbnailUrl":"https:\/\/decnord.com\/wp-content\/uploads\/2024\/08\/Abachi-Thermo-Cladding.jpg","datePublished":"2024-08-05T11:13:37+00:00","dateModified":"2024-10-16T06:08:03+00:00","breadcrumb":{"@id":"https:\/\/decnord.com\/de\/shop\/verkleidungsbretter-de\/thermo-holzverkleidung\/#breadcrumb"},"inLanguage":"de","potentialAction":[{"@type":"ReadAction","target":["https:\/\/decnord.com\/de\/shop\/verkleidungsbretter-de\/thermo-holzverkleidung\/"]}]},{"@type":"ImageObject","inLanguage":"de","@id":"https:\/\/decnord.com\/de\/shop\/verkleidungsbretter-de\/thermo-holzverkleidung\/#primaryimage","url":"https:\/\/decnord.com\/wp-content\/uploads\/2024\/08\/Abachi-Thermo-Cladding.jpg","contentUrl":"https:\/\/decnord.com\/wp-content\/uploads\/2024\/08\/Abachi-Thermo-Cladding.jpg","width":2048,"height":1365,"caption":"DecNord Luxpanels"},{"@type":"BreadcrumbList","@id":"https:\/\/decnord.com\/de\/shop\/verkleidungsbretter-de\/thermo-holzverkleidung\/#breadcrumb","itemListElement":[{"@type":"ListItem","position":1,"name":"Esileht","item":"https:\/\/decnord.com\/de\/"},{"@type":"ListItem","position":2,"name":"Shop","item":"https:\/\/decnord.com\/de\/shop\/"},{"@type":"ListItem","position":3,"name":"Thermo Holzverkleidung"}]},{"@type":"WebSite","@id":"https:\/\/decnord.com\/de\/#website","url":"https:\/\/decnord.com\/de\/","name":"DecNord Luxpanels","description":"Eesti k\u00e4sit\u00f6\u00f6 puidust dekoratiivpaneelid","publisher":{"@id":"https:\/\/decnord.com\/de\/#organization"},"potentialAction":[{"@type":"SearchAction","target":{"@type":"EntryPoint","urlTemplate":"https:\/\/decnord.com\/de\/?s={search_term_string}"},"query-input":{"@type":"PropertyValueSpecification","valueRequired":true,"valueName":"search_term_string"}}],"inLanguage":"de"},{"@type":"Organization","@id":"https:\/\/decnord.com\/de\/#organization","name":"DecNord Luxpanels","url":"https:\/\/decnord.com\/de\/","logo":{"@type":"ImageObject","inLanguage":"de","@id":"https:\/\/decnord.com\/de\/#\/schema\/logo\/image\/","url":"https:\/\/decnord.com\/wp-content\/uploads\/2024\/10\/Decnord-uus_logo_trasnparent.png","contentUrl":"https:\/\/decnord.com\/wp-content\/uploads\/2024\/10\/Decnord-uus_logo_trasnparent.png","width":1563,"height":1563,"caption":"DecNord Luxpanels"},"image":{"@id":"https:\/\/decnord.com\/de\/#\/schema\/logo\/image\/"},"sameAs":["https:\/\/www.facebook.com\/DecNord\/"]}]}},"_links":{"self":[{"href":"https:\/\/decnord.com\/de\/wp-json\/wp\/v2\/product\/8580","targetHints":{"allow":["GET"]}}],"collection":[{"href":"https:\/\/decnord.com\/de\/wp-json\/wp\/v2\/product"}],"about":[{"href":"https:\/\/decnord.com\/de\/wp-json\/wp\/v2\/types\/product"}],"version-history":[{"count":4,"href":"https:\/\/decnord.com\/de\/wp-json\/wp\/v2\/product\/8580\/revisions"}],"predecessor-version":[{"id":9067,"href":"https:\/\/decnord.com\/de\/wp-json\/wp\/v2\/product\/8580\/revisions\/9067"}],"wp:featuredmedia":[{"embeddable":true,"href":"https:\/\/decnord.com\/de\/wp-json\/wp\/v2\/media\/6707"}],"wp:attachment":[{"href":"https:\/\/decnord.com\/de\/wp-json\/wp\/v2\/media?parent=8580"}],"wp:term":[{"taxonomy":"product_brand","embeddable":true,"href":"https:\/\/decnord.com\/de\/wp-json\/wp\/v2\/product_brand?post=8580"},{"taxonomy":"product_cat","embeddable":true,"href":"https:\/\/decnord.com\/de\/wp-json\/wp\/v2\/product_cat?post=8580"},{"taxonomy":"product_tag","embeddable":true,"href":"https:\/\/decnord.com\/de\/wp-json\/wp\/v2\/product_tag?post=8580"}],"curies":[{"name":"wp","href":"https:\/\/api.w.org\/{rel}","templated":true}]}}