{"id":9460,"date":"2024-11-09T20:14:47","date_gmt":"2024-11-09T18:14:47","guid":{"rendered":"https:\/\/decnord.com\/?page_id=9460"},"modified":"2024-11-09T20:16:26","modified_gmt":"2024-11-09T18:16:26","slug":"katalog-2","status":"publish","type":"page","link":"https:\/\/decnord.com\/de\/katalog-2\/","title":{"rendered":"Katalog"},"content":{"rendered":"\t\t<div data-elementor-type=\"wp-page\" data-elementor-id=\"9460\" class=\"elementor elementor-9460 elementor-9459\">\n\t\t\t\t<div class=\"elementor-element elementor-element-51a5631 e-flex e-con-boxed wpr-particle-no wpr-jarallax-no wpr-parallax-no wpr-sticky-section-no e-con e-parent\" data-id=\"51a5631\" data-element_type=\"container\">\n\t\t\t\t\t<div class=\"e-con-inner\">\n\t\t<div class=\"elementor-element elementor-element-6e62724 e-con-full e-flex wpr-particle-no wpr-jarallax-no wpr-parallax-no wpr-sticky-section-no e-con e-child\" data-id=\"6e62724\" data-element_type=\"container\" data-settings=\"{&quot;background_background&quot;:&quot;classic&quot;}\">\n\t\t\t\t<div class=\"elementor-element elementor-element-1e2b4fd elementor-widget elementor-widget-heading\" data-id=\"1e2b4fd\" data-element_type=\"widget\" data-widget_type=\"heading.default\">\n\t\t\t\t<div class=\"elementor-widget-container\">\n\t\t\t\t\t<h2 class=\"elementor-heading-title elementor-size-default\">Catalogue<\/h2>\t\t\t\t<\/div>\n\t\t\t\t<\/div>\n\t\t\t\t<div class=\"elementor-element elementor-element-b5ef94c elementor-widget-divider--view-line elementor-widget elementor-widget-divider\" data-id=\"b5ef94c\" data-element_type=\"widget\" data-widget_type=\"divider.default\">\n\t\t\t\t<div class=\"elementor-widget-container\">\n\t\t\t\t\t\t\t<div class=\"elementor-divider\">\n\t\t\t<span class=\"elementor-divider-separator\">\n\t\t\t\t\t\t<\/span>\n\t\t<\/div>\n\t\t\t\t\t\t<\/div>\n\t\t\t\t<\/div>\n\t\t\t\t<\/div>\n\t\t\t\t<div class=\"elementor-element elementor-element-aba2ec2 elementor-widget elementor-widget-heading\" data-id=\"aba2ec2\" data-element_type=\"widget\" data-widget_type=\"heading.default\">\n\t\t\t\t<div class=\"elementor-widget-container\">\n\t\t\t\t\t<p class=\"elementor-heading-title elementor-size-default\">In addition to the catalog, we also offer:<\/p>\t\t\t\t<\/div>\n\t\t\t\t<\/div>\n\t\t\t\t<div class=\"elementor-element elementor-element-70331bd elementor-icon-list--layout-inline elementor-mobile-align-center elementor-list-item-link-full_width elementor-widget elementor-widget-icon-list\" data-id=\"70331bd\" data-element_type=\"widget\" data-widget_type=\"icon-list.default\">\n\t\t\t\t<div class=\"elementor-widget-container\">\n\t\t\t\t\t\t\t<ul class=\"elementor-icon-list-items elementor-inline-items\">\n\t\t\t\t\t\t\t<li class=\"elementor-icon-list-item elementor-inline-item\">\n\t\t\t\t\t\t\t\t\t\t\t<span class=\"elementor-icon-list-icon\">\n\t\t\t\t\t\t\t<svg aria-hidden=\"true\" class=\"e-font-icon-svg e-fas-check\" viewBox=\"0 0 512 512\" xmlns=\"http:\/\/www.w3.org\/2000\/svg\"><path d=\"M173.898 439.404l-166.4-166.4c-9.997-9.997-9.997-26.206 0-36.204l36.203-36.204c9.997-9.998 26.207-9.998 36.204 0L192 312.69 432.095 72.596c9.997-9.997 26.207-9.997 36.204 0l36.203 36.204c9.997 9.997 9.997 26.206 0 36.204l-294.4 294.401c-9.998 9.997-26.207 9.997-36.204-.001z\"><\/path><\/svg>\t\t\t\t\t\t<\/span>\n\t\t\t\t\t\t\t\t\t\t<span class=\"elementor-icon-list-text\">Product samples<\/span>\n\t\t\t\t\t\t\t\t\t<\/li>\n\t\t\t\t\t\t\t\t<li class=\"elementor-icon-list-item elementor-inline-item\">\n\t\t\t\t\t\t\t\t\t\t\t<span class=\"elementor-icon-list-icon\">\n\t\t\t\t\t\t\t<svg aria-hidden=\"true\" class=\"e-font-icon-svg e-fas-check\" viewBox=\"0 0 512 512\" xmlns=\"http:\/\/www.w3.org\/2000\/svg\"><path d=\"M173.898 439.404l-166.4-166.4c-9.997-9.997-9.997-26.206 0-36.204l36.203-36.204c9.997-9.998 26.207-9.998 36.204 0L192 312.69 432.095 72.596c9.997-9.997 26.207-9.997 36.204 0l36.203 36.204c9.997 9.997 9.997 26.206 0 36.204l-294.4 294.401c-9.998 9.997-26.207 9.997-36.204-.001z\"><\/path><\/svg>\t\t\t\t\t\t<\/span>\n\t\t\t\t\t\t\t\t\t\t<span class=\"elementor-icon-list-text\">3D drawings<\/span>\n\t\t\t\t\t\t\t\t\t<\/li>\n\t\t\t\t\t\t\t\t<li class=\"elementor-icon-list-item elementor-inline-item\">\n\t\t\t\t\t\t\t\t\t\t\t<span class=\"elementor-icon-list-icon\">\n\t\t\t\t\t\t\t<svg aria-hidden=\"true\" class=\"e-font-icon-svg e-fas-check\" viewBox=\"0 0 512 512\" xmlns=\"http:\/\/www.w3.org\/2000\/svg\"><path d=\"M173.898 439.404l-166.4-166.4c-9.997-9.997-9.997-26.206 0-36.204l36.203-36.204c9.997-9.998 26.207-9.998 36.204 0L192 312.69 432.095 72.596c9.997-9.997 26.207-9.997 36.204 0l36.203 36.204c9.997 9.997 9.997 26.206 0 36.204l-294.4 294.401c-9.998 9.997-26.207 9.997-36.204-.001z\"><\/path><\/svg>\t\t\t\t\t\t<\/span>\n\t\t\t\t\t\t\t\t\t\t<span class=\"elementor-icon-list-text\">3D renderings<\/span>\n\t\t\t\t\t\t\t\t\t<\/li>\n\t\t\t\t\t\t<\/ul>\n\t\t\t\t\t\t<\/div>\n\t\t\t\t<\/div>\n\t\t<div class=\"elementor-element elementor-element-b895363 e-grid e-con-full wpr-particle-no wpr-jarallax-no wpr-parallax-no wpr-sticky-section-no e-con e-child\" data-id=\"b895363\" data-element_type=\"container\">\n\t\t\t\t<div class=\"elementor-element elementor-element-a1c0229 elementor-widget elementor-widget-text-editor\" data-id=\"a1c0229\" data-element_type=\"widget\" data-widget_type=\"text-editor.default\">\n\t\t\t\t<div class=\"elementor-widget-container\">\n\t\t\t\t\t\t\t\t\t<p><a href=\"https:\/\/decnord.com\/wp-content\/uploads\/2024\/11\/DecNord-USA-catalog.pdf\" target=\"_blank\" rel=\"noopener\">Download the USA catalog (PDF)<\/a><\/p>\n\t\t\t\t\t\t\t\t<\/div>\n\t\t\t\t<\/div>\n\t\t\t\t<div class=\"elementor-element elementor-element-6322681 elementor-widget elementor-widget-text-editor\" data-id=\"6322681\" data-element_type=\"widget\" data-widget_type=\"text-editor.default\">\n\t\t\t\t<div class=\"elementor-widget-container\">\n\t\t\t\t\t\t\t\t\t<p><a href=\"https:\/\/decnord.com\/wp-content\/uploads\/2024\/08\/LS_DECNORD_catalogue_2024_homepage_02042024.pdf\" target=\"_blank\" rel=\"noopener\">Download the ENG catalog (PDF)<\/a><\/p>\n\t\t\t\t\t\t\t\t<\/div>\n\t\t\t\t<\/div>\n\t\t\t\t<\/div>\n\t\t\t\t<div class=\"elementor-element elementor-element-ad1371c elementor-widget elementor-widget-eael-adv-tabs\" data-id=\"ad1371c\" data-element_type=\"widget\" data-widget_type=\"eael-adv-tabs.default\">\n\t\t\t\t<div class=\"elementor-widget-container\">\n\t\t\t\t\t        <div data-scroll-on-click=\"no\" data-scroll-speed=\"300\" id=\"eael-advance-tabs-ad1371c\" class=\"eael-advance-tabs eael-tabs-horizontal eael-tab-auto-active \" data-tabid=\"ad1371c\">\n            <div class=\"eael-tabs-nav \">\n                <ul class=\"eael-tab-inline-icon\" role=\"tablist\">\n                                            <li id=\"usa-catalogue\" class=\"inactive eael-tab-item-trigger eael-tab-nav-item\" aria-selected=\"true\" data-tab=\"1\" role=\"tab\" tabindex=\"0\" aria-controls=\"usa-catalogue-tab\" aria-expanded=\"false\">\n                            \n                                                                <svg class=\"e-font-icon-svg e-fas-book-open\" viewBox=\"0 0 576 512\" xmlns=\"http:\/\/www.w3.org\/2000\/svg\"><path d=\"M542.22 32.05c-54.8 3.11-163.72 14.43-230.96 55.59-4.64 2.84-7.27 7.89-7.27 13.17v363.87c0 11.55 12.63 18.85 23.28 13.49 69.18-34.82 169.23-44.32 218.7-46.92 16.89-.89 30.02-14.43 30.02-30.66V62.75c.01-17.71-15.35-31.74-33.77-30.7zM264.73 87.64C197.5 46.48 88.58 35.17 33.78 32.05 15.36 31.01 0 45.04 0 62.75V400.6c0 16.24 13.13 29.78 30.02 30.66 49.49 2.6 149.59 12.11 218.77 46.95 10.62 5.35 23.21-1.94 23.21-13.46V100.63c0-5.29-2.62-10.14-7.27-12.99z\"><\/path><\/svg>                                                            \n                                                            <span class=\"eael-tab-title title-after-icon\" >USA Catalogue<\/span>                            \n                                                    <\/li>\n                                            <li id=\"eng-catalogue\" class=\"inactive eael-tab-item-trigger eael-tab-nav-item\" aria-selected=\"false\" data-tab=\"2\" role=\"tab\" tabindex=\"-1\" aria-controls=\"eng-catalogue-tab\" aria-expanded=\"false\">\n                            \n                                                                <svg class=\"e-font-icon-svg e-fas-book-open\" viewBox=\"0 0 576 512\" xmlns=\"http:\/\/www.w3.org\/2000\/svg\"><path d=\"M542.22 32.05c-54.8 3.11-163.72 14.43-230.96 55.59-4.64 2.84-7.27 7.89-7.27 13.17v363.87c0 11.55 12.63 18.85 23.28 13.49 69.18-34.82 169.23-44.32 218.7-46.92 16.89-.89 30.02-14.43 30.02-30.66V62.75c.01-17.71-15.35-31.74-33.77-30.7zM264.73 87.64C197.5 46.48 88.58 35.17 33.78 32.05 15.36 31.01 0 45.04 0 62.75V400.6c0 16.24 13.13 29.78 30.02 30.66 49.49 2.6 149.59 12.11 218.77 46.95 10.62 5.35 23.21-1.94 23.21-13.46V100.63c0-5.29-2.62-10.14-7.27-12.99z\"><\/path><\/svg>                                                            \n                                                            <span class=\"eael-tab-title title-after-icon\" >ENG Catalogue<\/span>                            \n                                                    <\/li>\n                    \n                                  <\/ul>\n            <\/div>\n            \n            <div class=\"eael-tabs-content\">\n\t\t        \n                    <div id=\"usa-catalogue-tab\" class=\"clearfix eael-tab-content-item inactive\" data-title-link=\"usa-catalogue-tab\">\n\t\t\t\t        <p><div class=\"_df_book df-lite\" id=\"df_9426\"  _slug=\"kataloog-usa\" data-title=\"kataloog-usa\" wpoptions=\"true\" thumbtype=\"\" ><\/div><script class=\"df-shortcode-script\" nowprocket type=\"application\/javascript\">window.option_df_9426 = {\"outline\":[],\"autoEnableOutline\":\"false\",\"autoEnableThumbnail\":\"false\",\"overwritePDFOutline\":\"false\",\"direction\":\"1\",\"pageSize\":\"0\",\"source\":\"https:\\\/\\\/decnord.com\\\/wp-content\\\/uploads\\\/2024\\\/11\\\/DecNord-USA-catalog.pdf\",\"wpOptions\":\"true\"}; if(window.DFLIP && window.DFLIP.parseBooks){window.DFLIP.parseBooks();}<\/script><\/p>\n                    <\/div>\n\t\t        \n                    <div id=\"eng-catalogue-tab\" class=\"clearfix eael-tab-content-item inactive\" data-title-link=\"eng-catalogue-tab\">\n\t\t\t\t        <p><div class=\"_df_book df-lite\" id=\"df_670\"  _slug=\"kataloog\" data-title=\"kataloog\" wpoptions=\"true\" thumbtype=\"\" ><\/div><script class=\"df-shortcode-script\" nowprocket type=\"application\/javascript\">window.option_df_670 = {\"outline\":[],\"backgroundColor\":\"000000\",\"autoEnableOutline\":\"false\",\"autoEnableThumbnail\":\"false\",\"overwritePDFOutline\":\"false\",\"direction\":\"1\",\"pageSize\":\"0\",\"source\":\"https:\\\/\\\/decnord.com\\\/wp-content\\\/uploads\\\/2024\\\/08\\\/LS_DECNORD_catalogue_2024_homepage_02042024.pdf\",\"wpOptions\":\"true\"}; if(window.DFLIP && window.DFLIP.parseBooks){window.DFLIP.parseBooks();}<\/script><\/p>\n                    <\/div>\n\t\t                    <\/div>\n        <\/div>\n\t\t\t\t<\/div>\n\t\t\t\t<\/div>\n\t\t\t\t\t<\/div>\n\t\t\t\t<\/div>\n\t\t<div class=\"elementor-element elementor-element-6cd53dc e-flex e-con-boxed wpr-particle-no wpr-jarallax-no wpr-parallax-no wpr-sticky-section-no e-con e-parent\" data-id=\"6cd53dc\" data-element_type=\"container\" data-settings=\"{&quot;background_background&quot;:&quot;classic&quot;}\">\n\t\t\t\t\t<div class=\"e-con-inner\">\n\t\t<div class=\"elementor-element elementor-element-3c5b309 e-con-full e-flex wpr-particle-no wpr-jarallax-no wpr-parallax-no wpr-sticky-section-no e-con e-child\" data-id=\"3c5b309\" data-element_type=\"container\" data-settings=\"{&quot;background_background&quot;:&quot;classic&quot;}\">\n\t\t\t\t<div class=\"elementor-element elementor-element-6844bc7 elementor-widget elementor-widget-heading\" data-id=\"6844bc7\" data-element_type=\"widget\" data-widget_type=\"heading.default\">\n\t\t\t\t<div class=\"elementor-widget-container\">\n\t\t\t\t\t<h1 class=\"elementor-heading-title elementor-size-default\">Contact us!<\/h1>\t\t\t\t<\/div>\n\t\t\t\t<\/div>\n\t\t\t\t<div class=\"elementor-element elementor-element-c0a0e52 elementor-widget-divider--view-line elementor-widget elementor-widget-divider\" data-id=\"c0a0e52\" data-element_type=\"widget\" data-widget_type=\"divider.default\">\n\t\t\t\t<div class=\"elementor-widget-container\">\n\t\t\t\t\t\t\t<div class=\"elementor-divider\">\n\t\t\t<span class=\"elementor-divider-separator\">\n\t\t\t\t\t\t<\/span>\n\t\t<\/div>\n\t\t\t\t\t\t<\/div>\n\t\t\t\t<\/div>\n\t\t\t\t<div class=\"elementor-element elementor-element-7365cdb elementor-widget__width-inherit elementor-widget elementor-widget-html\" data-id=\"7365cdb\" data-element_type=\"widget\" data-widget_type=\"html.default\">\n\t\t\t\t<div class=\"elementor-widget-container\">\n\t\t\t\t\t<!-- Nutshell Form -->\r\n<div id=\"nutshell-form-egMOvY\"><\/div>\r\n<script>\r\n(function(n,u,t){n[u]=n[u]||function(){(n[u].q=n[u].q||[]).push(arguments)}}(window,'Nutsheller'));\r\nNutsheller('initForm', {form: 'egMOvY', instance: '354815', target: 'nutshell-form-egMOvY'});\r\n<\/script>\r\n<script async src=\"https:\/\/loader.nutshell.com\/nutsheller.js\"><\/script>\r\n<!-- End Nutshell Form -->\t\t\t\t<\/div>\n\t\t\t\t<\/div>\n\t\t\t\t<div class=\"elementor-element elementor-element-663093a elementor-widget-divider--view-line elementor-widget elementor-widget-divider\" data-id=\"663093a\" data-element_type=\"widget\" data-widget_type=\"divider.default\">\n\t\t\t\t<div class=\"elementor-widget-container\">\n\t\t\t\t\t\t\t<div class=\"elementor-divider\">\n\t\t\t<span class=\"elementor-divider-separator\">\n\t\t\t\t\t\t<\/span>\n\t\t<\/div>\n\t\t\t\t\t\t<\/div>\n\t\t\t\t<\/div>\n\t\t\t\t<\/div>\n\t\t\t\t\t<\/div>\n\t\t\t\t<\/div>\n\t\t\t\t<\/div>\n\t\t","protected":false},"excerpt":{"rendered":"<p>Catalogue In addition to the catalog, we also offer: Product samples 3D drawings 3D renderings Download the USA catalog (PDF) Download the ENG catalog (PDF) USA Catalogue ENG Catalogue Contact us!<\/p>\n","protected":false},"author":2,"featured_media":6907,"parent":0,"menu_order":0,"comment_status":"closed","ping_status":"closed","template":"","meta":{"inline_featured_image":false,"site-sidebar-layout":"no-sidebar","site-content-layout":"page-builder","ast-site-content-layout":"full-width-container","site-content-style":"unboxed","site-sidebar-style":"unboxed","ast-global-header-display":"","ast-banner-title-visibility":"","ast-main-header-display":"","ast-hfb-above-header-display":"","ast-hfb-below-header-display":"","ast-hfb-mobile-header-display":"","site-post-title":"disabled","ast-breadcrumbs-content":"disabled","ast-featured-img":"disabled","footer-sml-layout":"","theme-transparent-header-meta":"disabled","adv-header-id-meta":"","stick-header-meta":"","header-above-stick-meta":"","header-main-stick-meta":"","header-below-stick-meta":"","astra-migrate-meta-layouts":"default","ast-page-background-enabled":"default","ast-page-background-meta":{"desktop":{"background-color":"var(--ast-global-color-4)","background-image":"","background-repeat":"repeat","background-position":"center center","background-size":"auto","background-attachment":"scroll","background-type":"","background-media":"","overlay-type":"","overlay-color":"","overlay-opacity":"","overlay-gradient":""},"tablet":{"background-color":"","background-image":"","background-repeat":"repeat","background-position":"center center","background-size":"auto","background-attachment":"scroll","background-type":"","background-media":"","overlay-type":"","overlay-color":"","overlay-opacity":"","overlay-gradient":""},"mobile":{"background-color":"","background-image":"","background-repeat":"repeat","background-position":"center center","background-size":"auto","background-attachment":"scroll","background-type":"","background-media":"","overlay-type":"","overlay-color":"","overlay-opacity":"","overlay-gradient":""}},"ast-content-background-meta":{"desktop":{"background-color":"var(--ast-global-color-5)","background-image":"","background-repeat":"repeat","background-position":"center center","background-size":"auto","background-attachment":"scroll","background-type":"","background-media":"","overlay-type":"","overlay-color":"","overlay-opacity":"","overlay-gradient":""},"tablet":{"background-color":"var(--ast-global-color-5)","background-image":"","background-repeat":"repeat","background-position":"center center","background-size":"auto","background-attachment":"scroll","background-type":"","background-media":"","overlay-type":"","overlay-color":"","overlay-opacity":"","overlay-gradient":""},"mobile":{"background-color":"var(--ast-global-color-5)","background-image":"","background-repeat":"repeat","background-position":"center center","background-size":"auto","background-attachment":"scroll","background-type":"","background-media":"","overlay-type":"","overlay-color":"","overlay-opacity":"","overlay-gradient":""}},"footnotes":""},"class_list":["post-9460","page","type-page","status-publish","has-post-thumbnail","hentry"],"yoast_head":"<!-- This site is optimized with the Yoast SEO plugin v26.2 - https:\/\/yoast.com\/wordpress\/plugins\/seo\/ -->\n<title>Katalog - DecNord Luxpanels<\/title>\n<meta name=\"robots\" content=\"index, follow, max-snippet:-1, max-image-preview:large, max-video-preview:-1\" \/>\n<link rel=\"canonical\" href=\"https:\/\/decnord.com\/de\/katalog-2\/\" \/>\n<meta property=\"og:locale\" content=\"de_DE\" \/>\n<meta property=\"og:type\" content=\"article\" \/>\n<meta property=\"og:title\" content=\"Katalog - DecNord Luxpanels\" \/>\n<meta property=\"og:description\" content=\"Catalogue In addition to the catalog, we also offer: Product samples 3D drawings 3D renderings Download the USA catalog (PDF) Download the ENG catalog (PDF) USA Catalogue ENG Catalogue Contact us!\" \/>\n<meta property=\"og:url\" content=\"https:\/\/decnord.com\/de\/katalog-2\/\" \/>\n<meta property=\"og:site_name\" content=\"DecNord Luxpanels\" \/>\n<meta property=\"article:publisher\" content=\"https:\/\/www.facebook.com\/DecNord\/\" \/>\n<meta property=\"article:modified_time\" content=\"2024-11-09T18:16:26+00:00\" \/>\n<meta property=\"og:image\" content=\"https:\/\/decnord.com\/wp-content\/uploads\/2024\/10\/aIMG_3815-800x800-1.jpg\" \/>\n\t<meta property=\"og:image:width\" content=\"800\" \/>\n\t<meta property=\"og:image:height\" content=\"800\" \/>\n\t<meta property=\"og:image:type\" content=\"image\/jpeg\" \/>\n<meta name=\"twitter:card\" content=\"summary_large_image\" \/>\n<meta name=\"twitter:label1\" content=\"Gesch\u00e4tzte Lesezeit\" \/>\n\t<meta name=\"twitter:data1\" content=\"1\u00a0Minute\" \/>\n<script type=\"application\/ld+json\" class=\"yoast-schema-graph\">{\"@context\":\"https:\/\/schema.org\",\"@graph\":[{\"@type\":\"WebPage\",\"@id\":\"https:\/\/decnord.com\/de\/katalog-2\/\",\"url\":\"https:\/\/decnord.com\/de\/katalog-2\/\",\"name\":\"Katalog - DecNord Luxpanels\",\"isPartOf\":{\"@id\":\"https:\/\/decnord.com\/de\/#website\"},\"primaryImageOfPage\":{\"@id\":\"https:\/\/decnord.com\/de\/katalog-2\/#primaryimage\"},\"image\":{\"@id\":\"https:\/\/decnord.com\/de\/katalog-2\/#primaryimage\"},\"thumbnailUrl\":\"https:\/\/decnord.com\/wp-content\/uploads\/2024\/10\/aIMG_3815-800x800-1.jpg\",\"datePublished\":\"2024-11-09T18:14:47+00:00\",\"dateModified\":\"2024-11-09T18:16:26+00:00\",\"breadcrumb\":{\"@id\":\"https:\/\/decnord.com\/de\/katalog-2\/#breadcrumb\"},\"inLanguage\":\"de\",\"potentialAction\":[{\"@type\":\"ReadAction\",\"target\":[\"https:\/\/decnord.com\/de\/katalog-2\/\"]}]},{\"@type\":\"ImageObject\",\"inLanguage\":\"de\",\"@id\":\"https:\/\/decnord.com\/de\/katalog-2\/#primaryimage\",\"url\":\"https:\/\/decnord.com\/wp-content\/uploads\/2024\/10\/aIMG_3815-800x800-1.jpg\",\"contentUrl\":\"https:\/\/decnord.com\/wp-content\/uploads\/2024\/10\/aIMG_3815-800x800-1.jpg\",\"width\":800,\"height\":800,\"caption\":\"DecNord Luxpanels\"},{\"@type\":\"BreadcrumbList\",\"@id\":\"https:\/\/decnord.com\/de\/katalog-2\/#breadcrumb\",\"itemListElement\":[{\"@type\":\"ListItem\",\"position\":1,\"name\":\"Esileht\",\"item\":\"https:\/\/decnord.com\/de\/\"},{\"@type\":\"ListItem\",\"position\":2,\"name\":\"Katalog\"}]},{\"@type\":\"WebSite\",\"@id\":\"https:\/\/decnord.com\/de\/#website\",\"url\":\"https:\/\/decnord.com\/de\/\",\"name\":\"DecNord Luxpanels\",\"description\":\"Eesti k\u00e4sit\u00f6\u00f6 puidust dekoratiivpaneelid\",\"publisher\":{\"@id\":\"https:\/\/decnord.com\/de\/#organization\"},\"potentialAction\":[{\"@type\":\"SearchAction\",\"target\":{\"@type\":\"EntryPoint\",\"urlTemplate\":\"https:\/\/decnord.com\/de\/?s={search_term_string}\"},\"query-input\":{\"@type\":\"PropertyValueSpecification\",\"valueRequired\":true,\"valueName\":\"search_term_string\"}}],\"inLanguage\":\"de\"},{\"@type\":\"Organization\",\"@id\":\"https:\/\/decnord.com\/de\/#organization\",\"name\":\"DecNord Luxpanels\",\"url\":\"https:\/\/decnord.com\/de\/\",\"logo\":{\"@type\":\"ImageObject\",\"inLanguage\":\"de\",\"@id\":\"https:\/\/decnord.com\/de\/#\/schema\/logo\/image\/\",\"url\":\"https:\/\/decnord.com\/wp-content\/uploads\/2024\/10\/Decnord-uus_logo_trasnparent.png\",\"contentUrl\":\"https:\/\/decnord.com\/wp-content\/uploads\/2024\/10\/Decnord-uus_logo_trasnparent.png\",\"width\":1563,\"height\":1563,\"caption\":\"DecNord Luxpanels\"},\"image\":{\"@id\":\"https:\/\/decnord.com\/de\/#\/schema\/logo\/image\/\"},\"sameAs\":[\"https:\/\/www.facebook.com\/DecNord\/\"]}]}<\/script>\n<!-- \/ Yoast SEO plugin. -->","yoast_head_json":{"title":"Katalog - DecNord Luxpanels","robots":{"index":"index","follow":"follow","max-snippet":"max-snippet:-1","max-image-preview":"max-image-preview:large","max-video-preview":"max-video-preview:-1"},"canonical":"https:\/\/decnord.com\/de\/katalog-2\/","og_locale":"de_DE","og_type":"article","og_title":"Katalog - DecNord Luxpanels","og_description":"Catalogue In addition to the catalog, we also offer: Product samples 3D drawings 3D renderings Download the USA catalog (PDF) Download the ENG catalog (PDF) USA Catalogue ENG Catalogue Contact us!","og_url":"https:\/\/decnord.com\/de\/katalog-2\/","og_site_name":"DecNord Luxpanels","article_publisher":"https:\/\/www.facebook.com\/DecNord\/","article_modified_time":"2024-11-09T18:16:26+00:00","og_image":[{"width":800,"height":800,"url":"https:\/\/decnord.com\/wp-content\/uploads\/2024\/10\/aIMG_3815-800x800-1.jpg","type":"image\/jpeg"}],"twitter_card":"summary_large_image","twitter_misc":{"Gesch\u00e4tzte Lesezeit":"1\u00a0Minute"},"schema":{"@context":"https:\/\/schema.org","@graph":[{"@type":"WebPage","@id":"https:\/\/decnord.com\/de\/katalog-2\/","url":"https:\/\/decnord.com\/de\/katalog-2\/","name":"Katalog - DecNord Luxpanels","isPartOf":{"@id":"https:\/\/decnord.com\/de\/#website"},"primaryImageOfPage":{"@id":"https:\/\/decnord.com\/de\/katalog-2\/#primaryimage"},"image":{"@id":"https:\/\/decnord.com\/de\/katalog-2\/#primaryimage"},"thumbnailUrl":"https:\/\/decnord.com\/wp-content\/uploads\/2024\/10\/aIMG_3815-800x800-1.jpg","datePublished":"2024-11-09T18:14:47+00:00","dateModified":"2024-11-09T18:16:26+00:00","breadcrumb":{"@id":"https:\/\/decnord.com\/de\/katalog-2\/#breadcrumb"},"inLanguage":"de","potentialAction":[{"@type":"ReadAction","target":["https:\/\/decnord.com\/de\/katalog-2\/"]}]},{"@type":"ImageObject","inLanguage":"de","@id":"https:\/\/decnord.com\/de\/katalog-2\/#primaryimage","url":"https:\/\/decnord.com\/wp-content\/uploads\/2024\/10\/aIMG_3815-800x800-1.jpg","contentUrl":"https:\/\/decnord.com\/wp-content\/uploads\/2024\/10\/aIMG_3815-800x800-1.jpg","width":800,"height":800,"caption":"DecNord Luxpanels"},{"@type":"BreadcrumbList","@id":"https:\/\/decnord.com\/de\/katalog-2\/#breadcrumb","itemListElement":[{"@type":"ListItem","position":1,"name":"Esileht","item":"https:\/\/decnord.com\/de\/"},{"@type":"ListItem","position":2,"name":"Katalog"}]},{"@type":"WebSite","@id":"https:\/\/decnord.com\/de\/#website","url":"https:\/\/decnord.com\/de\/","name":"DecNord Luxpanels","description":"Eesti k\u00e4sit\u00f6\u00f6 puidust dekoratiivpaneelid","publisher":{"@id":"https:\/\/decnord.com\/de\/#organization"},"potentialAction":[{"@type":"SearchAction","target":{"@type":"EntryPoint","urlTemplate":"https:\/\/decnord.com\/de\/?s={search_term_string}"},"query-input":{"@type":"PropertyValueSpecification","valueRequired":true,"valueName":"search_term_string"}}],"inLanguage":"de"},{"@type":"Organization","@id":"https:\/\/decnord.com\/de\/#organization","name":"DecNord Luxpanels","url":"https:\/\/decnord.com\/de\/","logo":{"@type":"ImageObject","inLanguage":"de","@id":"https:\/\/decnord.com\/de\/#\/schema\/logo\/image\/","url":"https:\/\/decnord.com\/wp-content\/uploads\/2024\/10\/Decnord-uus_logo_trasnparent.png","contentUrl":"https:\/\/decnord.com\/wp-content\/uploads\/2024\/10\/Decnord-uus_logo_trasnparent.png","width":1563,"height":1563,"caption":"DecNord Luxpanels"},"image":{"@id":"https:\/\/decnord.com\/de\/#\/schema\/logo\/image\/"},"sameAs":["https:\/\/www.facebook.com\/DecNord\/"]}]}},"_links":{"self":[{"href":"https:\/\/decnord.com\/de\/wp-json\/wp\/v2\/pages\/9460","targetHints":{"allow":["GET"]}}],"collection":[{"href":"https:\/\/decnord.com\/de\/wp-json\/wp\/v2\/pages"}],"about":[{"href":"https:\/\/decnord.com\/de\/wp-json\/wp\/v2\/types\/page"}],"author":[{"embeddable":true,"href":"https:\/\/decnord.com\/de\/wp-json\/wp\/v2\/users\/2"}],"replies":[{"embeddable":true,"href":"https:\/\/decnord.com\/de\/wp-json\/wp\/v2\/comments?post=9460"}],"version-history":[{"count":3,"href":"https:\/\/decnord.com\/de\/wp-json\/wp\/v2\/pages\/9460\/revisions"}],"predecessor-version":[{"id":9470,"href":"https:\/\/decnord.com\/de\/wp-json\/wp\/v2\/pages\/9460\/revisions\/9470"}],"wp:featuredmedia":[{"embeddable":true,"href":"https:\/\/decnord.com\/de\/wp-json\/wp\/v2\/media\/6907"}],"wp:attachment":[{"href":"https:\/\/decnord.com\/de\/wp-json\/wp\/v2\/media?parent=9460"}],"curies":[{"name":"wp","href":"https:\/\/api.w.org\/{rel}","templated":true}]}}