{"id":9317,"date":"2024-10-29T15:41:33","date_gmt":"2024-10-29T13:41:33","guid":{"rendered":"https:\/\/decnord.com\/?page_id=9317"},"modified":"2024-11-18T11:01:15","modified_gmt":"2024-11-18T09:01:15","slug":"impressum","status":"publish","type":"page","link":"https:\/\/decnord.com\/de\/impressum\/","title":{"rendered":"Impressum"},"content":{"rendered":"\t\t<div data-elementor-type=\"wp-page\" data-elementor-id=\"9317\" class=\"elementor elementor-9317 elementor-9316\">\n\t\t\t\t<div class=\"elementor-element elementor-element-09e06d0 e-flex e-con-boxed wpr-particle-no wpr-jarallax-no wpr-parallax-no wpr-sticky-section-no e-con e-parent\" data-id=\"09e06d0\" data-element_type=\"container\" data-settings=\"{&quot;background_background&quot;:&quot;classic&quot;}\">\n\t\t\t\t\t<div class=\"e-con-inner\">\n\t\t\t\t<div class=\"elementor-element elementor-element-ac7243d elementor-widget elementor-widget-heading\" data-id=\"ac7243d\" data-element_type=\"widget\" data-widget_type=\"heading.default\">\n\t\t\t\t<div class=\"elementor-widget-container\">\n\t\t\t\t\t<h2 class=\"elementor-heading-title elementor-size-default\">Impressum<\/h2>\t\t\t\t<\/div>\n\t\t\t\t<\/div>\n\t\t\t\t<div class=\"elementor-element elementor-element-9cb96ba elementor-widget-divider--view-line elementor-widget elementor-widget-divider\" data-id=\"9cb96ba\" data-element_type=\"widget\" data-widget_type=\"divider.default\">\n\t\t\t\t<div class=\"elementor-widget-container\">\n\t\t\t\t\t\t\t<div class=\"elementor-divider\">\n\t\t\t<span class=\"elementor-divider-separator\">\n\t\t\t\t\t\t<\/span>\n\t\t<\/div>\n\t\t\t\t\t\t<\/div>\n\t\t\t\t<\/div>\n\t\t\t\t\t<\/div>\n\t\t\t\t<\/div>\n\t\t<div class=\"elementor-element elementor-element-bbd6534 e-flex e-con-boxed wpr-particle-no wpr-jarallax-no wpr-parallax-no wpr-sticky-section-no e-con e-parent\" data-id=\"bbd6534\" data-element_type=\"container\">\n\t\t\t\t\t<div class=\"e-con-inner\">\n\t\t<div class=\"elementor-element elementor-element-7ada488 e-con-full e-flex wpr-particle-no wpr-jarallax-no wpr-parallax-no wpr-sticky-section-no e-con e-child\" data-id=\"7ada488\" data-element_type=\"container\">\n\t\t\t\t<div class=\"elementor-element elementor-element-c0b6b02 elementor-widget elementor-widget-heading\" data-id=\"c0b6b02\" data-element_type=\"widget\" data-widget_type=\"heading.default\">\n\t\t\t\t<div class=\"elementor-widget-container\">\n\t\t\t\t\t<h2 class=\"elementor-heading-title elementor-size-default\">Kontakt<\/h2>\t\t\t\t<\/div>\n\t\t\t\t<\/div>\n\t\t\t\t<div class=\"elementor-element elementor-element-19f3e9e elementor-widget elementor-widget-text-editor\" data-id=\"19f3e9e\" data-element_type=\"widget\" data-widget_type=\"text-editor.default\">\n\t\t\t\t<div class=\"elementor-widget-container\">\n\t\t\t\t\t\t\t\t\t<p>Firmenname: DecNord Group O\u00dc<br \/>Gesch\u00e4ftsf\u00fchrer: Rivo Toomsalu, rivo@decnord.com<br \/>Handelsregister: 16583995<br \/>Umsatzsteuer-Identifikationsnummer): EE102540293<br \/>Adresse: Estland, Harju maakond, Kiili vald, Kiili alev, Veski 5, 75401 <br \/>Telefon: +372 54440098<br \/>E-Mail: info@decnord.com<br \/>Gesch\u00e4ftszeiten: 09:00 &#8211; 17:00<\/p>\n\t\t\t\t\t\t\t\t<\/div>\n\t\t\t\t<\/div>\n\t\t\t\t<\/div>\n\t\t<div class=\"elementor-element elementor-element-e7a3c8c e-con-full e-flex wpr-particle-no wpr-jarallax-no wpr-parallax-no wpr-sticky-section-no e-con e-child\" data-id=\"e7a3c8c\" data-element_type=\"container\">\n\t\t\t\t<div class=\"elementor-element elementor-element-23776ab elementor-widget elementor-widget-image\" data-id=\"23776ab\" data-element_type=\"widget\" data-widget_type=\"image.default\">\n\t\t\t\t<div class=\"elementor-widget-container\">\n\t\t\t\t\t\t\t\t\t\t\t\t\t\t\t<img fetchpriority=\"high\" decoding=\"async\" width=\"1024\" height=\"683\" src=\"https:\/\/decnord.com\/wp-content\/uploads\/2024\/10\/E1A9386-1024x683.jpg\" class=\"attachment-large size-large wp-image-7759\" alt=\"DecNord Luxpanels\" srcset=\"https:\/\/decnord.com\/wp-content\/uploads\/2024\/10\/E1A9386-1024x683.jpg 1024w, https:\/\/decnord.com\/wp-content\/uploads\/2024\/10\/E1A9386-300x200.jpg 300w, https:\/\/decnord.com\/wp-content\/uploads\/2024\/10\/E1A9386-768x512.jpg 768w, https:\/\/decnord.com\/wp-content\/uploads\/2024\/10\/E1A9386-1536x1024.jpg 1536w, https:\/\/decnord.com\/wp-content\/uploads\/2024\/10\/E1A9386-800x533.jpg 800w, https:\/\/decnord.com\/wp-content\/uploads\/2024\/10\/E1A9386.jpg 1920w\" sizes=\"(max-width: 1024px) 100vw, 1024px\" \/>\t\t\t\t\t\t\t\t\t\t\t\t\t\t\t<\/div>\n\t\t\t\t<\/div>\n\t\t\t\t<\/div>\n\t\t\t\t\t<\/div>\n\t\t\t\t<\/div>\n\t\t\t\t<\/div>\n\t\t","protected":false},"excerpt":{"rendered":"<p>Impressum Kontakt Firmenname: DecNord Group O\u00dcGesch\u00e4ftsf\u00fchrer: Rivo Toomsalu, rivo@decnord.comHandelsregister: 16583995Umsatzsteuer-Identifikationsnummer): EE102540293Adresse: Estland, Harju maakond, Kiili vald, Kiili alev, Veski 5, 75401 Telefon: +372 54440098E-Mail: info@decnord.comGesch\u00e4ftszeiten: 09:00 &#8211; 17:00<\/p>\n","protected":false},"author":1,"featured_media":0,"parent":0,"menu_order":0,"comment_status":"closed","ping_status":"closed","template":"","meta":{"inline_featured_image":false,"site-sidebar-layout":"default","site-content-layout":"","ast-site-content-layout":"default","site-content-style":"default","site-sidebar-style":"default","ast-global-header-display":"","ast-banner-title-visibility":"","ast-main-header-display":"","ast-hfb-above-header-display":"","ast-hfb-below-header-display":"","ast-hfb-mobile-header-display":"","site-post-title":"","ast-breadcrumbs-content":"","ast-featured-img":"","footer-sml-layout":"","theme-transparent-header-meta":"disabled","adv-header-id-meta":"","stick-header-meta":"","header-above-stick-meta":"","header-main-stick-meta":"","header-below-stick-meta":"","astra-migrate-meta-layouts":"default","ast-page-background-enabled":"default","ast-page-background-meta":{"desktop":{"background-color":"var(--ast-global-color-4)","background-image":"","background-repeat":"repeat","background-position":"center center","background-size":"auto","background-attachment":"scroll","background-type":"","background-media":"","overlay-type":"","overlay-color":"","overlay-opacity":"","overlay-gradient":""},"tablet":{"background-color":"","background-image":"","background-repeat":"repeat","background-position":"center center","background-size":"auto","background-attachment":"scroll","background-type":"","background-media":"","overlay-type":"","overlay-color":"","overlay-opacity":"","overlay-gradient":""},"mobile":{"background-color":"","background-image":"","background-repeat":"repeat","background-position":"center center","background-size":"auto","background-attachment":"scroll","background-type":"","background-media":"","overlay-type":"","overlay-color":"","overlay-opacity":"","overlay-gradient":""}},"ast-content-background-meta":{"desktop":{"background-color":"var(--ast-global-color-5)","background-image":"","background-repeat":"repeat","background-position":"center center","background-size":"auto","background-attachment":"scroll","background-type":"","background-media":"","overlay-type":"","overlay-color":"","overlay-opacity":"","overlay-gradient":""},"tablet":{"background-color":"var(--ast-global-color-5)","background-image":"","background-repeat":"repeat","background-position":"center center","background-size":"auto","background-attachment":"scroll","background-type":"","background-media":"","overlay-type":"","overlay-color":"","overlay-opacity":"","overlay-gradient":""},"mobile":{"background-color":"var(--ast-global-color-5)","background-image":"","background-repeat":"repeat","background-position":"center center","background-size":"auto","background-attachment":"scroll","background-type":"","background-media":"","overlay-type":"","overlay-color":"","overlay-opacity":"","overlay-gradient":""}},"footnotes":""},"class_list":["post-9317","page","type-page","status-publish","hentry"],"yoast_head":"<!-- This site is optimized with the Yoast SEO plugin v26.2 - https:\/\/yoast.com\/wordpress\/plugins\/seo\/ -->\n<title>Impressum - DecNord Luxpanels<\/title>\n<meta name=\"description\" content=\"Impressum\" \/>\n<meta name=\"robots\" content=\"index, follow, max-snippet:-1, max-image-preview:large, max-video-preview:-1\" \/>\n<link rel=\"canonical\" href=\"https:\/\/decnord.com\/de\/impressum\/\" \/>\n<meta property=\"og:locale\" content=\"de_DE\" \/>\n<meta property=\"og:type\" content=\"article\" \/>\n<meta property=\"og:title\" content=\"Impressum - DecNord Luxpanels\" \/>\n<meta property=\"og:description\" content=\"Impressum\" \/>\n<meta property=\"og:url\" content=\"https:\/\/decnord.com\/de\/impressum\/\" \/>\n<meta property=\"og:site_name\" content=\"DecNord Luxpanels\" \/>\n<meta property=\"article:publisher\" content=\"https:\/\/www.facebook.com\/DecNord\/\" \/>\n<meta property=\"article:modified_time\" content=\"2024-11-18T09:01:15+00:00\" \/>\n<meta property=\"og:image\" content=\"https:\/\/decnord.com\/wp-content\/uploads\/2024\/10\/E1A9386.jpg\" \/>\n\t<meta property=\"og:image:width\" content=\"1920\" \/>\n\t<meta property=\"og:image:height\" content=\"1280\" \/>\n\t<meta property=\"og:image:type\" content=\"image\/jpeg\" \/>\n<meta name=\"twitter:card\" content=\"summary_large_image\" \/>\n<meta name=\"twitter:label1\" content=\"Gesch\u00e4tzte Lesezeit\" \/>\n\t<meta name=\"twitter:data1\" content=\"1\u00a0Minute\" \/>\n<script type=\"application\/ld+json\" class=\"yoast-schema-graph\">{\"@context\":\"https:\/\/schema.org\",\"@graph\":[{\"@type\":\"WebPage\",\"@id\":\"https:\/\/decnord.com\/de\/impressum\/\",\"url\":\"https:\/\/decnord.com\/de\/impressum\/\",\"name\":\"Impressum - DecNord Luxpanels\",\"isPartOf\":{\"@id\":\"https:\/\/decnord.com\/de\/#website\"},\"primaryImageOfPage\":{\"@id\":\"https:\/\/decnord.com\/de\/impressum\/#primaryimage\"},\"image\":{\"@id\":\"https:\/\/decnord.com\/de\/impressum\/#primaryimage\"},\"thumbnailUrl\":\"https:\/\/decnord.com\/wp-content\/uploads\/2024\/10\/E1A9386-1024x683.jpg\",\"datePublished\":\"2024-10-29T13:41:33+00:00\",\"dateModified\":\"2024-11-18T09:01:15+00:00\",\"description\":\"Impressum\",\"breadcrumb\":{\"@id\":\"https:\/\/decnord.com\/de\/impressum\/#breadcrumb\"},\"inLanguage\":\"de\",\"potentialAction\":[{\"@type\":\"ReadAction\",\"target\":[\"https:\/\/decnord.com\/de\/impressum\/\"]}]},{\"@type\":\"ImageObject\",\"inLanguage\":\"de\",\"@id\":\"https:\/\/decnord.com\/de\/impressum\/#primaryimage\",\"url\":\"https:\/\/decnord.com\/wp-content\/uploads\/2024\/10\/E1A9386-1024x683.jpg\",\"contentUrl\":\"https:\/\/decnord.com\/wp-content\/uploads\/2024\/10\/E1A9386-1024x683.jpg\"},{\"@type\":\"BreadcrumbList\",\"@id\":\"https:\/\/decnord.com\/de\/impressum\/#breadcrumb\",\"itemListElement\":[{\"@type\":\"ListItem\",\"position\":1,\"name\":\"Esileht\",\"item\":\"https:\/\/decnord.com\/de\/\"},{\"@type\":\"ListItem\",\"position\":2,\"name\":\"Impressum\"}]},{\"@type\":\"WebSite\",\"@id\":\"https:\/\/decnord.com\/de\/#website\",\"url\":\"https:\/\/decnord.com\/de\/\",\"name\":\"DecNord Luxpanels\",\"description\":\"Eesti k\u00e4sit\u00f6\u00f6 puidust dekoratiivpaneelid\",\"publisher\":{\"@id\":\"https:\/\/decnord.com\/de\/#organization\"},\"potentialAction\":[{\"@type\":\"SearchAction\",\"target\":{\"@type\":\"EntryPoint\",\"urlTemplate\":\"https:\/\/decnord.com\/de\/?s={search_term_string}\"},\"query-input\":{\"@type\":\"PropertyValueSpecification\",\"valueRequired\":true,\"valueName\":\"search_term_string\"}}],\"inLanguage\":\"de\"},{\"@type\":\"Organization\",\"@id\":\"https:\/\/decnord.com\/de\/#organization\",\"name\":\"DecNord Luxpanels\",\"url\":\"https:\/\/decnord.com\/de\/\",\"logo\":{\"@type\":\"ImageObject\",\"inLanguage\":\"de\",\"@id\":\"https:\/\/decnord.com\/de\/#\/schema\/logo\/image\/\",\"url\":\"https:\/\/decnord.com\/wp-content\/uploads\/2024\/10\/Decnord-uus_logo_trasnparent.png\",\"contentUrl\":\"https:\/\/decnord.com\/wp-content\/uploads\/2024\/10\/Decnord-uus_logo_trasnparent.png\",\"width\":1563,\"height\":1563,\"caption\":\"DecNord Luxpanels\"},\"image\":{\"@id\":\"https:\/\/decnord.com\/de\/#\/schema\/logo\/image\/\"},\"sameAs\":[\"https:\/\/www.facebook.com\/DecNord\/\"]}]}<\/script>\n<!-- \/ Yoast SEO plugin. -->","yoast_head_json":{"title":"Impressum - DecNord Luxpanels","description":"Impressum","robots":{"index":"index","follow":"follow","max-snippet":"max-snippet:-1","max-image-preview":"max-image-preview:large","max-video-preview":"max-video-preview:-1"},"canonical":"https:\/\/decnord.com\/de\/impressum\/","og_locale":"de_DE","og_type":"article","og_title":"Impressum - DecNord Luxpanels","og_description":"Impressum","og_url":"https:\/\/decnord.com\/de\/impressum\/","og_site_name":"DecNord Luxpanels","article_publisher":"https:\/\/www.facebook.com\/DecNord\/","article_modified_time":"2024-11-18T09:01:15+00:00","og_image":[{"width":1920,"height":1280,"url":"https:\/\/decnord.com\/wp-content\/uploads\/2024\/10\/E1A9386.jpg","type":"image\/jpeg"}],"twitter_card":"summary_large_image","twitter_misc":{"Gesch\u00e4tzte Lesezeit":"1\u00a0Minute"},"schema":{"@context":"https:\/\/schema.org","@graph":[{"@type":"WebPage","@id":"https:\/\/decnord.com\/de\/impressum\/","url":"https:\/\/decnord.com\/de\/impressum\/","name":"Impressum - DecNord Luxpanels","isPartOf":{"@id":"https:\/\/decnord.com\/de\/#website"},"primaryImageOfPage":{"@id":"https:\/\/decnord.com\/de\/impressum\/#primaryimage"},"image":{"@id":"https:\/\/decnord.com\/de\/impressum\/#primaryimage"},"thumbnailUrl":"https:\/\/decnord.com\/wp-content\/uploads\/2024\/10\/E1A9386-1024x683.jpg","datePublished":"2024-10-29T13:41:33+00:00","dateModified":"2024-11-18T09:01:15+00:00","description":"Impressum","breadcrumb":{"@id":"https:\/\/decnord.com\/de\/impressum\/#breadcrumb"},"inLanguage":"de","potentialAction":[{"@type":"ReadAction","target":["https:\/\/decnord.com\/de\/impressum\/"]}]},{"@type":"ImageObject","inLanguage":"de","@id":"https:\/\/decnord.com\/de\/impressum\/#primaryimage","url":"https:\/\/decnord.com\/wp-content\/uploads\/2024\/10\/E1A9386-1024x683.jpg","contentUrl":"https:\/\/decnord.com\/wp-content\/uploads\/2024\/10\/E1A9386-1024x683.jpg"},{"@type":"BreadcrumbList","@id":"https:\/\/decnord.com\/de\/impressum\/#breadcrumb","itemListElement":[{"@type":"ListItem","position":1,"name":"Esileht","item":"https:\/\/decnord.com\/de\/"},{"@type":"ListItem","position":2,"name":"Impressum"}]},{"@type":"WebSite","@id":"https:\/\/decnord.com\/de\/#website","url":"https:\/\/decnord.com\/de\/","name":"DecNord Luxpanels","description":"Eesti k\u00e4sit\u00f6\u00f6 puidust dekoratiivpaneelid","publisher":{"@id":"https:\/\/decnord.com\/de\/#organization"},"potentialAction":[{"@type":"SearchAction","target":{"@type":"EntryPoint","urlTemplate":"https:\/\/decnord.com\/de\/?s={search_term_string}"},"query-input":{"@type":"PropertyValueSpecification","valueRequired":true,"valueName":"search_term_string"}}],"inLanguage":"de"},{"@type":"Organization","@id":"https:\/\/decnord.com\/de\/#organization","name":"DecNord Luxpanels","url":"https:\/\/decnord.com\/de\/","logo":{"@type":"ImageObject","inLanguage":"de","@id":"https:\/\/decnord.com\/de\/#\/schema\/logo\/image\/","url":"https:\/\/decnord.com\/wp-content\/uploads\/2024\/10\/Decnord-uus_logo_trasnparent.png","contentUrl":"https:\/\/decnord.com\/wp-content\/uploads\/2024\/10\/Decnord-uus_logo_trasnparent.png","width":1563,"height":1563,"caption":"DecNord Luxpanels"},"image":{"@id":"https:\/\/decnord.com\/de\/#\/schema\/logo\/image\/"},"sameAs":["https:\/\/www.facebook.com\/DecNord\/"]}]}},"_links":{"self":[{"href":"https:\/\/decnord.com\/de\/wp-json\/wp\/v2\/pages\/9317","targetHints":{"allow":["GET"]}}],"collection":[{"href":"https:\/\/decnord.com\/de\/wp-json\/wp\/v2\/pages"}],"about":[{"href":"https:\/\/decnord.com\/de\/wp-json\/wp\/v2\/types\/page"}],"author":[{"embeddable":true,"href":"https:\/\/decnord.com\/de\/wp-json\/wp\/v2\/users\/1"}],"replies":[{"embeddable":true,"href":"https:\/\/decnord.com\/de\/wp-json\/wp\/v2\/comments?post=9317"}],"version-history":[{"count":5,"href":"https:\/\/decnord.com\/de\/wp-json\/wp\/v2\/pages\/9317\/revisions"}],"predecessor-version":[{"id":9486,"href":"https:\/\/decnord.com\/de\/wp-json\/wp\/v2\/pages\/9317\/revisions\/9486"}],"wp:attachment":[{"href":"https:\/\/decnord.com\/de\/wp-json\/wp\/v2\/media?parent=9317"}],"curies":[{"name":"wp","href":"https:\/\/api.w.org\/{rel}","templated":true}]}}