{"id":8638,"date":"2024-08-05T14:19:49","date_gmt":"2024-08-05T11:19:49","guid":{"rendered":"https:\/\/decnord.com\/dokumentation\/"},"modified":"2025-02-04T16:09:00","modified_gmt":"2025-02-04T14:09:00","slug":"dokumentation","status":"publish","type":"page","link":"https:\/\/decnord.com\/de\/dokumentation\/","title":{"rendered":"Dokumentation"},"content":{"rendered":"\t\t<div data-elementor-type=\"wp-page\" data-elementor-id=\"8638\" class=\"elementor elementor-8638 elementor-1544\">\n\t\t\t\t<div class=\"elementor-element elementor-element-51a5631 e-flex e-con-boxed wpr-particle-no wpr-jarallax-no wpr-parallax-no wpr-sticky-section-no e-con e-parent\" data-id=\"51a5631\" data-element_type=\"container\">\n\t\t\t\t\t<div class=\"e-con-inner\">\n\t\t\t\t<div class=\"elementor-element elementor-element-a576a28 elementor-widget elementor-widget-heading\" data-id=\"a576a28\" data-element_type=\"widget\" data-widget_type=\"heading.default\">\n\t\t\t\t<div class=\"elementor-widget-container\">\n\t\t\t\t\t<h2 class=\"elementor-heading-title elementor-size-default\">Montageanleitungen<\/h2>\t\t\t\t<\/div>\n\t\t\t\t<\/div>\n\t\t\t\t<div class=\"elementor-element elementor-element-ffc67eb elementor-widget-divider--view-line elementor-widget elementor-widget-divider\" data-id=\"ffc67eb\" data-element_type=\"widget\" data-widget_type=\"divider.default\">\n\t\t\t\t<div class=\"elementor-widget-container\">\n\t\t\t\t\t\t\t<div class=\"elementor-divider\">\n\t\t\t<span class=\"elementor-divider-separator\">\n\t\t\t\t\t\t<\/span>\n\t\t<\/div>\n\t\t\t\t\t\t<\/div>\n\t\t\t\t<\/div>\n\t\t\t\t<div class=\"elementor-element elementor-element-12e4d3f elementor-widget elementor-widget-text-editor\" data-id=\"12e4d3f\" data-element_type=\"widget\" data-widget_type=\"text-editor.default\">\n\t\t\t\t<div class=\"elementor-widget-container\">\n\t\t\t\t\t\t\t\t\t<div class=\"uk-panel uk-margin\"><p><span style=\"color: #ffffff;\"><a id=\"download-link-4294\" class=\"download-link\" style=\"color: #ffffff;\" title=\"\" href=\"https:\/\/decnord.com\/wp-content\/uploads\/2024\/08\/DecNord-Installation-Manual-2024-1.pdf\" target=\"_blank\" rel=\"nofollow noopener\" data-e-disable-page-transition=\"true\">DecNord Montageanleitung 2024<\/a><\/span><\/p><div class=\"uk-panel uk-margin\"><span style=\"color: #ffffff;\"><a id=\"download-link-4298\" class=\"download-link\" style=\"color: #ffffff;\" title=\"\" href=\"https:\/\/decnord.com\/wp-content\/uploads\/2024\/08\/DecNord-LED-Installation-manual-1.pdf\" target=\"_blank\" rel=\"nofollow noopener\" data-e-disable-page-transition=\"true\">DecNord LED Montageanleitung 2023<\/a><\/span><\/div><\/div>\t\t\t\t\t\t\t\t<\/div>\n\t\t\t\t<\/div>\n\t\t\t\t<div class=\"elementor-element elementor-element-d828445 elementor-widget elementor-widget-heading\" data-id=\"d828445\" data-element_type=\"widget\" data-widget_type=\"heading.default\">\n\t\t\t\t<div class=\"elementor-widget-container\">\n\t\t\t\t\t<h2 class=\"elementor-heading-title elementor-size-default\"> Produktdatenbl\u00e4tter <\/h2>\t\t\t\t<\/div>\n\t\t\t\t<\/div>\n\t\t\t\t<div class=\"elementor-element elementor-element-6548b86 elementor-widget-divider--view-line elementor-widget elementor-widget-divider\" data-id=\"6548b86\" data-element_type=\"widget\" data-widget_type=\"divider.default\">\n\t\t\t\t<div class=\"elementor-widget-container\">\n\t\t\t\t\t\t\t<div class=\"elementor-divider\">\n\t\t\t<span class=\"elementor-divider-separator\">\n\t\t\t\t\t\t<\/span>\n\t\t<\/div>\n\t\t\t\t\t\t<\/div>\n\t\t\t\t<\/div>\n\t\t\t\t<div class=\"elementor-element elementor-element-01ff423 elementor-widget elementor-widget-text-editor\" data-id=\"01ff423\" data-element_type=\"widget\" data-widget_type=\"text-editor.default\">\n\t\t\t\t<div class=\"elementor-widget-container\">\n\t\t\t\t\t\t\t\t\t<div class=\"uk-panel uk-margin\"><span style=\"color: #ffffff;\"><a id=\"download-link-4303\" class=\"download-link\" style=\"color: #ffffff;\" title=\"\" href=\"https:\/\/decnord.com\/wp-content\/uploads\/2025\/02\/Product-Information-Sheet-Athena-Split-v3-1-1.pdf\" target=\"_blank\" rel=\"nofollow noopener\" data-e-disable-page-transition=\"true\">Produktinformation: Athena Split<\/a><\/span><\/div><div class=\"uk-panel uk-margin\"><span style=\"color: #ffffff;\"><a id=\"download-link-4308\" class=\"download-link\" style=\"color: #ffffff;\" title=\"\" href=\"https:\/\/decnord.com\/wp-content\/uploads\/2025\/02\/Product-Information-Sheet-Athena-v3-1-2.pdf\" target=\"_blank\" rel=\"nofollow noopener\" data-e-disable-page-transition=\"true\">Produktinformation: Athena<\/a><\/span><\/div><div class=\"uk-panel uk-margin\"><span style=\"color: #ffffff;\"><a id=\"download-link-4313\" class=\"download-link\" style=\"color: #ffffff;\" title=\"\" href=\"https:\/\/decnord.com\/wp-content\/uploads\/2025\/02\/Product-Information-Sheet-Bermuda-v3-1-1.pdf\" target=\"_blank\" rel=\"nofollow noopener\" data-e-disable-page-transition=\"true\">Produktinformation: Bermuda<\/a><\/span><\/div><div class=\"uk-panel uk-margin\"><span style=\"color: #ffffff;\"><a id=\"download-link-4318\" class=\"download-link\" style=\"color: #ffffff;\" title=\"\" href=\"https:\/\/decnord.com\/wp-content\/uploads\/2025\/02\/Product-Information-Sheet-Hexa-S-v3-2-1.pdf\" target=\"_blank\" rel=\"nofollow noopener\" data-e-disable-page-transition=\"true\">Produktinformation: Hexa S<\/a><\/span><\/div><div class=\"uk-panel uk-margin\"><span style=\"color: #ffffff;\"><a id=\"download-link-4323\" class=\"download-link\" style=\"color: #ffffff;\" title=\"\" href=\"https:\/\/decnord.com\/wp-content\/uploads\/2025\/02\/Product-Information-Sheet-Hexa-XL-v3-1-1.pdf\" target=\"_blank\" rel=\"nofollow noopener\" data-e-disable-page-transition=\"true\">Produktinformation: Hexa XL<\/a><\/span><\/div><div class=\"uk-panel uk-margin\"><span style=\"color: #ffffff;\"><a id=\"download-link-4328\" class=\"download-link\" style=\"color: #ffffff;\" title=\"\" href=\"https:\/\/decnord.com\/wp-content\/uploads\/2025\/02\/Product-Information-Sheet-Royal-v3-1-1.pdf\" target=\"_blank\" rel=\"nofollow noopener\" data-e-disable-page-transition=\"true\">Produktinformation: Sheet Royal<\/a><\/span><\/div><div class=\"uk-panel uk-margin\"><span style=\"color: #ffffff;\"><a id=\"download-link-4333\" class=\"download-link\" style=\"color: #ffffff;\" title=\"\" href=\"https:\/\/decnord.com\/wp-content\/uploads\/2025\/02\/Product-Information-Sheet-Hexa-XL-Rhombus-v3-1.pdf\" target=\"_blank\" rel=\"nofollow noopener\" data-e-disable-page-transition=\"true\">Produktinformation: Hexa XL Rhombus<\/a><\/span><\/div><div class=\"uk-panel uk-margin\"><span style=\"color: #ffffff;\"><a id=\"download-link-4342\" class=\"download-link\" style=\"color: #ffffff;\" title=\"\" href=\"https:\/\/decnord.com\/wp-content\/uploads\/2025\/02\/Product-Information-Sheet-Square-v3-1-2.pdf\" target=\"_blank\" rel=\"nofollow noopener\" data-e-disable-page-transition=\"true\">Produktinformation: Square<\/a><\/span><\/div>\t\t\t\t\t\t\t\t<\/div>\n\t\t\t\t<\/div>\n\t\t\t\t\t<\/div>\n\t\t\t\t<\/div>\n\t\t\t\t<\/div>\n\t\t","protected":false},"excerpt":{"rendered":"<p>Montageanleitungen DecNord Montageanleitung 2024 DecNord LED Montageanleitung 2023 Produktdatenbl\u00e4tter Produktinformation: Athena SplitProduktinformation: AthenaProduktinformation: BermudaProduktinformation: Hexa SProduktinformation: Hexa XLProduktinformation: Sheet RoyalProduktinformation: Hexa XL RhombusProduktinformation: Square<\/p>\n","protected":false},"author":1,"featured_media":6913,"parent":0,"menu_order":0,"comment_status":"closed","ping_status":"closed","template":"","meta":{"inline_featured_image":false,"site-sidebar-layout":"no-sidebar","site-content-layout":"page-builder","ast-site-content-layout":"full-width-container","site-content-style":"unboxed","site-sidebar-style":"unboxed","ast-global-header-display":"","ast-banner-title-visibility":"","ast-main-header-display":"","ast-hfb-above-header-display":"","ast-hfb-below-header-display":"","ast-hfb-mobile-header-display":"","site-post-title":"disabled","ast-breadcrumbs-content":"disabled","ast-featured-img":"disabled","footer-sml-layout":"","theme-transparent-header-meta":"disabled","adv-header-id-meta":"","stick-header-meta":"","header-above-stick-meta":"","header-main-stick-meta":"","header-below-stick-meta":"","astra-migrate-meta-layouts":"default","ast-page-background-enabled":"default","ast-page-background-meta":{"desktop":{"background-color":"var(--ast-global-color-4)","background-image":"","background-repeat":"repeat","background-position":"center center","background-size":"auto","background-attachment":"scroll","background-type":"","background-media":"","overlay-type":"","overlay-color":"","overlay-opacity":"","overlay-gradient":""},"tablet":{"background-color":"","background-image":"","background-repeat":"repeat","background-position":"center center","background-size":"auto","background-attachment":"scroll","background-type":"","background-media":"","overlay-type":"","overlay-color":"","overlay-opacity":"","overlay-gradient":""},"mobile":{"background-color":"","background-image":"","background-repeat":"repeat","background-position":"center center","background-size":"auto","background-attachment":"scroll","background-type":"","background-media":"","overlay-type":"","overlay-color":"","overlay-opacity":"","overlay-gradient":""}},"ast-content-background-meta":{"desktop":{"background-color":"var(--ast-global-color-5)","background-image":"","background-repeat":"repeat","background-position":"center center","background-size":"auto","background-attachment":"scroll","background-type":"","background-media":"","overlay-type":"","overlay-color":"","overlay-opacity":"","overlay-gradient":""},"tablet":{"background-color":"var(--ast-global-color-5)","background-image":"","background-repeat":"repeat","background-position":"center center","background-size":"auto","background-attachment":"scroll","background-type":"","background-media":"","overlay-type":"","overlay-color":"","overlay-opacity":"","overlay-gradient":""},"mobile":{"background-color":"var(--ast-global-color-5)","background-image":"","background-repeat":"repeat","background-position":"center center","background-size":"auto","background-attachment":"scroll","background-type":"","background-media":"","overlay-type":"","overlay-color":"","overlay-opacity":"","overlay-gradient":""}},"footnotes":""},"class_list":["post-8638","page","type-page","status-publish","has-post-thumbnail","hentry"],"yoast_head":"<!-- This site is optimized with the Yoast SEO plugin v26.2 - https:\/\/yoast.com\/wordpress\/plugins\/seo\/ -->\n<title>Dokumentation - DecNord Luxpanels<\/title>\n<meta name=\"robots\" content=\"index, follow, max-snippet:-1, max-image-preview:large, max-video-preview:-1\" \/>\n<link rel=\"canonical\" href=\"https:\/\/decnord.com\/de\/dokumentation\/\" \/>\n<meta property=\"og:locale\" content=\"de_DE\" \/>\n<meta property=\"og:type\" content=\"article\" \/>\n<meta property=\"og:title\" content=\"Dokumentation - DecNord Luxpanels\" \/>\n<meta property=\"og:description\" content=\"Montageanleitungen DecNord Montageanleitung 2024 DecNord LED Montageanleitung 2023 Produktdatenbl\u00e4tter Produktinformation: Athena SplitProduktinformation: AthenaProduktinformation: BermudaProduktinformation: Hexa SProduktinformation: Hexa XLProduktinformation: Sheet RoyalProduktinformation: Hexa XL RhombusProduktinformation: Square\" \/>\n<meta property=\"og:url\" content=\"https:\/\/decnord.com\/de\/dokumentation\/\" \/>\n<meta property=\"og:site_name\" content=\"DecNord Luxpanels\" \/>\n<meta property=\"article:publisher\" content=\"https:\/\/www.facebook.com\/DecNord\/\" \/>\n<meta property=\"article:modified_time\" content=\"2025-02-04T14:09:00+00:00\" \/>\n<meta property=\"og:image\" content=\"https:\/\/decnord.com\/wp-content\/uploads\/2024\/10\/hexa-xl.jpg\" \/>\n\t<meta property=\"og:image:width\" content=\"800\" \/>\n\t<meta property=\"og:image:height\" content=\"800\" \/>\n\t<meta property=\"og:image:type\" content=\"image\/jpeg\" \/>\n<meta name=\"twitter:card\" content=\"summary_large_image\" \/>\n<meta name=\"twitter:label1\" content=\"Gesch\u00e4tzte Lesezeit\" \/>\n\t<meta name=\"twitter:data1\" content=\"1\u00a0Minute\" \/>\n<script type=\"application\/ld+json\" class=\"yoast-schema-graph\">{\"@context\":\"https:\/\/schema.org\",\"@graph\":[{\"@type\":\"WebPage\",\"@id\":\"https:\/\/decnord.com\/de\/dokumentation\/\",\"url\":\"https:\/\/decnord.com\/de\/dokumentation\/\",\"name\":\"Dokumentation - DecNord Luxpanels\",\"isPartOf\":{\"@id\":\"https:\/\/decnord.com\/de\/#website\"},\"primaryImageOfPage\":{\"@id\":\"https:\/\/decnord.com\/de\/dokumentation\/#primaryimage\"},\"image\":{\"@id\":\"https:\/\/decnord.com\/de\/dokumentation\/#primaryimage\"},\"thumbnailUrl\":\"https:\/\/decnord.com\/wp-content\/uploads\/2024\/10\/hexa-xl.jpg\",\"datePublished\":\"2024-08-05T11:19:49+00:00\",\"dateModified\":\"2025-02-04T14:09:00+00:00\",\"breadcrumb\":{\"@id\":\"https:\/\/decnord.com\/de\/dokumentation\/#breadcrumb\"},\"inLanguage\":\"de\",\"potentialAction\":[{\"@type\":\"ReadAction\",\"target\":[\"https:\/\/decnord.com\/de\/dokumentation\/\"]}]},{\"@type\":\"ImageObject\",\"inLanguage\":\"de\",\"@id\":\"https:\/\/decnord.com\/de\/dokumentation\/#primaryimage\",\"url\":\"https:\/\/decnord.com\/wp-content\/uploads\/2024\/10\/hexa-xl.jpg\",\"contentUrl\":\"https:\/\/decnord.com\/wp-content\/uploads\/2024\/10\/hexa-xl.jpg\",\"width\":800,\"height\":800,\"caption\":\"DecNord Luxpanels\"},{\"@type\":\"BreadcrumbList\",\"@id\":\"https:\/\/decnord.com\/de\/dokumentation\/#breadcrumb\",\"itemListElement\":[{\"@type\":\"ListItem\",\"position\":1,\"name\":\"Esileht\",\"item\":\"https:\/\/decnord.com\/de\/\"},{\"@type\":\"ListItem\",\"position\":2,\"name\":\"Dokumentation\"}]},{\"@type\":\"WebSite\",\"@id\":\"https:\/\/decnord.com\/de\/#website\",\"url\":\"https:\/\/decnord.com\/de\/\",\"name\":\"DecNord Luxpanels\",\"description\":\"Eesti k\u00e4sit\u00f6\u00f6 puidust dekoratiivpaneelid\",\"publisher\":{\"@id\":\"https:\/\/decnord.com\/de\/#organization\"},\"potentialAction\":[{\"@type\":\"SearchAction\",\"target\":{\"@type\":\"EntryPoint\",\"urlTemplate\":\"https:\/\/decnord.com\/de\/?s={search_term_string}\"},\"query-input\":{\"@type\":\"PropertyValueSpecification\",\"valueRequired\":true,\"valueName\":\"search_term_string\"}}],\"inLanguage\":\"de\"},{\"@type\":\"Organization\",\"@id\":\"https:\/\/decnord.com\/de\/#organization\",\"name\":\"DecNord Luxpanels\",\"url\":\"https:\/\/decnord.com\/de\/\",\"logo\":{\"@type\":\"ImageObject\",\"inLanguage\":\"de\",\"@id\":\"https:\/\/decnord.com\/de\/#\/schema\/logo\/image\/\",\"url\":\"https:\/\/decnord.com\/wp-content\/uploads\/2024\/10\/Decnord-uus_logo_trasnparent.png\",\"contentUrl\":\"https:\/\/decnord.com\/wp-content\/uploads\/2024\/10\/Decnord-uus_logo_trasnparent.png\",\"width\":1563,\"height\":1563,\"caption\":\"DecNord Luxpanels\"},\"image\":{\"@id\":\"https:\/\/decnord.com\/de\/#\/schema\/logo\/image\/\"},\"sameAs\":[\"https:\/\/www.facebook.com\/DecNord\/\"]}]}<\/script>\n<!-- \/ Yoast SEO plugin. -->","yoast_head_json":{"title":"Dokumentation - DecNord Luxpanels","robots":{"index":"index","follow":"follow","max-snippet":"max-snippet:-1","max-image-preview":"max-image-preview:large","max-video-preview":"max-video-preview:-1"},"canonical":"https:\/\/decnord.com\/de\/dokumentation\/","og_locale":"de_DE","og_type":"article","og_title":"Dokumentation - DecNord Luxpanels","og_description":"Montageanleitungen DecNord Montageanleitung 2024 DecNord LED Montageanleitung 2023 Produktdatenbl\u00e4tter Produktinformation: Athena SplitProduktinformation: AthenaProduktinformation: BermudaProduktinformation: Hexa SProduktinformation: Hexa XLProduktinformation: Sheet RoyalProduktinformation: Hexa XL RhombusProduktinformation: Square","og_url":"https:\/\/decnord.com\/de\/dokumentation\/","og_site_name":"DecNord Luxpanels","article_publisher":"https:\/\/www.facebook.com\/DecNord\/","article_modified_time":"2025-02-04T14:09:00+00:00","og_image":[{"width":800,"height":800,"url":"https:\/\/decnord.com\/wp-content\/uploads\/2024\/10\/hexa-xl.jpg","type":"image\/jpeg"}],"twitter_card":"summary_large_image","twitter_misc":{"Gesch\u00e4tzte Lesezeit":"1\u00a0Minute"},"schema":{"@context":"https:\/\/schema.org","@graph":[{"@type":"WebPage","@id":"https:\/\/decnord.com\/de\/dokumentation\/","url":"https:\/\/decnord.com\/de\/dokumentation\/","name":"Dokumentation - DecNord Luxpanels","isPartOf":{"@id":"https:\/\/decnord.com\/de\/#website"},"primaryImageOfPage":{"@id":"https:\/\/decnord.com\/de\/dokumentation\/#primaryimage"},"image":{"@id":"https:\/\/decnord.com\/de\/dokumentation\/#primaryimage"},"thumbnailUrl":"https:\/\/decnord.com\/wp-content\/uploads\/2024\/10\/hexa-xl.jpg","datePublished":"2024-08-05T11:19:49+00:00","dateModified":"2025-02-04T14:09:00+00:00","breadcrumb":{"@id":"https:\/\/decnord.com\/de\/dokumentation\/#breadcrumb"},"inLanguage":"de","potentialAction":[{"@type":"ReadAction","target":["https:\/\/decnord.com\/de\/dokumentation\/"]}]},{"@type":"ImageObject","inLanguage":"de","@id":"https:\/\/decnord.com\/de\/dokumentation\/#primaryimage","url":"https:\/\/decnord.com\/wp-content\/uploads\/2024\/10\/hexa-xl.jpg","contentUrl":"https:\/\/decnord.com\/wp-content\/uploads\/2024\/10\/hexa-xl.jpg","width":800,"height":800,"caption":"DecNord Luxpanels"},{"@type":"BreadcrumbList","@id":"https:\/\/decnord.com\/de\/dokumentation\/#breadcrumb","itemListElement":[{"@type":"ListItem","position":1,"name":"Esileht","item":"https:\/\/decnord.com\/de\/"},{"@type":"ListItem","position":2,"name":"Dokumentation"}]},{"@type":"WebSite","@id":"https:\/\/decnord.com\/de\/#website","url":"https:\/\/decnord.com\/de\/","name":"DecNord Luxpanels","description":"Eesti k\u00e4sit\u00f6\u00f6 puidust dekoratiivpaneelid","publisher":{"@id":"https:\/\/decnord.com\/de\/#organization"},"potentialAction":[{"@type":"SearchAction","target":{"@type":"EntryPoint","urlTemplate":"https:\/\/decnord.com\/de\/?s={search_term_string}"},"query-input":{"@type":"PropertyValueSpecification","valueRequired":true,"valueName":"search_term_string"}}],"inLanguage":"de"},{"@type":"Organization","@id":"https:\/\/decnord.com\/de\/#organization","name":"DecNord Luxpanels","url":"https:\/\/decnord.com\/de\/","logo":{"@type":"ImageObject","inLanguage":"de","@id":"https:\/\/decnord.com\/de\/#\/schema\/logo\/image\/","url":"https:\/\/decnord.com\/wp-content\/uploads\/2024\/10\/Decnord-uus_logo_trasnparent.png","contentUrl":"https:\/\/decnord.com\/wp-content\/uploads\/2024\/10\/Decnord-uus_logo_trasnparent.png","width":1563,"height":1563,"caption":"DecNord Luxpanels"},"image":{"@id":"https:\/\/decnord.com\/de\/#\/schema\/logo\/image\/"},"sameAs":["https:\/\/www.facebook.com\/DecNord\/"]}]}},"_links":{"self":[{"href":"https:\/\/decnord.com\/de\/wp-json\/wp\/v2\/pages\/8638","targetHints":{"allow":["GET"]}}],"collection":[{"href":"https:\/\/decnord.com\/de\/wp-json\/wp\/v2\/pages"}],"about":[{"href":"https:\/\/decnord.com\/de\/wp-json\/wp\/v2\/types\/page"}],"author":[{"embeddable":true,"href":"https:\/\/decnord.com\/de\/wp-json\/wp\/v2\/users\/1"}],"replies":[{"embeddable":true,"href":"https:\/\/decnord.com\/de\/wp-json\/wp\/v2\/comments?post=8638"}],"version-history":[{"count":5,"href":"https:\/\/decnord.com\/de\/wp-json\/wp\/v2\/pages\/8638\/revisions"}],"predecessor-version":[{"id":9752,"href":"https:\/\/decnord.com\/de\/wp-json\/wp\/v2\/pages\/8638\/revisions\/9752"}],"wp:featuredmedia":[{"embeddable":true,"href":"https:\/\/decnord.com\/de\/wp-json\/wp\/v2\/media\/6913"}],"wp:attachment":[{"href":"https:\/\/decnord.com\/de\/wp-json\/wp\/v2\/media?parent=8638"}],"curies":[{"name":"wp","href":"https:\/\/api.w.org\/{rel}","templated":true}]}}